{"id":4164,"date":"2019-06-08T18:12:58","date_gmt":"2019-06-08T17:12:58","guid":{"rendered":"https:\/\/www.adolphesax.be\/?page_id=4164"},"modified":"2025-06-08T11:40:46","modified_gmt":"2025-06-08T10:40:46","slug":"contact","status":"publish","type":"page","link":"https:\/\/www.adolphesax.be\/de\/contact\/","title":{"rendered":"Kontact"},"content":{"rendered":"<div class=\"pixcode  pixcode--grid  grid  \">\n\n<div class=\"grid__item three-twelfths palm-one-whole \">\n\n<h3 class=\"flush--top\">Verkauf &amp; Revisionen<\/h3>\n<p>Unser derzeitiges B\u00fcro und Ausstellungsraum von Adolphe Sax &amp; Cie befindet sich in Br\u00fcgge. Leicht erreichbar.<\/p>\n<p>Sie sind herzlich eingeladen, unser umfangreiches Sortiment an Adolphe Sax &amp; Cie Saxophonen\u00ae anzusehen und zu spielen. Gerne geben wir auch Erkl\u00e4rungen und Beratung. Auch f\u00fcr die Reparatur oder \u00dcberholung Ihres aktuellen Saxophons stehen wir Ihnen gerne zur Verf\u00fcgung.<br \/>\n\n<\/div>\n\n<div class=\"grid__item three-twelfths palm-one-whole \">\n\n<p><a href=\"https:\/\/www.adolphesax.be\/wp-content\/uploads\/2015\/06\/EDM_5557.jpg\"><img loading=\"lazy\" decoding=\"async\" class=\"aligncenter size-large wp-image-45\" src=\"https:\/\/www.adolphesax.be\/wp-content\/uploads\/2015\/06\/EDM_5557-682x1024.jpg\" alt=\"EDM_5557\" width=\"682\" height=\"1024\" srcset=\"https:\/\/www.adolphesax.be\/wp-content\/uploads\/2015\/06\/EDM_5557-682x1024.jpg 682w, https:\/\/www.adolphesax.be\/wp-content\/uploads\/2015\/06\/EDM_5557-300x451.jpg 300w, https:\/\/www.adolphesax.be\/wp-content\/uploads\/2015\/06\/EDM_5557-200x300.jpg 200w\" sizes=\"auto, (max-width: 682px) 100vw, 682px\" \/><\/a><\/p>\n\n<\/div>\n\n<div class=\"grid__item three-twelfths palm-one-whole \">\n\n<h3>Adresse<\/h3>\n<p><span style=\"color: #000000;\"><strong>KRAKELEWEG 2, 8000 BR\u00dcGGE<\/strong><\/span><\/p>\n<p><strong>Kostenloses Parken. Einfach einfahren. Falls voll: Parken Sie gegen\u00fcber bei Dovy K\u00fcchen<\/strong><\/p>\n<h3>\u00d6ffnungszeiten<\/h3>\n<p>Montag &amp; Mittwoch<br \/>\n14:00-18:00 Uhr<br \/>\nSamstag 13:30-17:30 Uhr<br \/>\n<strong>Montagvormittag, Dienstag, Mittwochvormittag, Donnerstag und Freitag nur nach Vereinbarung.<\/strong><\/p>\n<p>Geschlossen an Sonn- und Feiertagen.<\/p>\n<p><span style=\"color: #ff0000;\"><strong>TERMINE K\u00d6NNEN SIE SELBST \u00dcBER <a href=\"https:\/\/adolphesax.odoo.com\/book\/meet\">DIESEN LINK<\/a> BUCHEN<\/strong> <\/span><\/p>\n<p><span style=\"color: #000080;\"><strong>*Saxophone testen? Das ist perfekt m\u00f6glich.<br \/>\nWir haben einen Saxophon-Sterilisator und sterilisieren daher alle Instrumente und Mundst\u00fccke nach Gebrauch.<\/strong><\/span><\/p>\n\n<\/div>\n\n<div class=\"grid__item three-twelfths palm-one-whole \">\n\n<h3>Kontakt<\/h3>\n<p>BE +32 497 55 55 85<\/p>\n<p><a href=\"https:\/\/www.adolphesax.be\/de\/contact\/#fragen\">Kontaktformular<\/a><\/p>\n<h3>Soziale Medien<\/h3>\n<a class=\"pixcode-icon-link\"  href=\"https:\/\/www.facebook.com\/AdolpheSaxCie\"  target=\"_blank\" \"><i class=\"pixcode  pixcode--icon  icon-e-facebook-squared  circle  big  \"><\/i><\/a>\n<a class=\"pixcode-icon-link\"  href=\"http:\/\/twitter.com\/adolphesax_be\"  target=\"_blank\" \"><i class=\"pixcode  pixcode--icon  icon-e-twitter-circled  circle  big  \"><\/i><\/a>\n<a class=\"pixcode-icon-link\"  href=\"http:\/\/www.youtube.com\/user\/adolphesaxetcie\"  target=\"_blank\" \"><i class=\"pixcode  pixcode--icon  icon-e-video  circle  big  \"><\/i><\/a>\n\n<\/div>\n\n\n<\/div>\n\n","protected":false},"excerpt":{"rendered":"","protected":false},"author":1,"featured_media":0,"parent":0,"menu_order":5,"comment_status":"closed","ping_status":"open","template":"","meta":{"footnotes":""},"class_list":["post-4164","page","type-page","status-publish","hentry"],"_links":{"self":[{"href":"https:\/\/www.adolphesax.be\/de\/wp-json\/wp\/v2\/pages\/4164","targetHints":{"allow":["GET"]}}],"collection":[{"href":"https:\/\/www.adolphesax.be\/de\/wp-json\/wp\/v2\/pages"}],"about":[{"href":"https:\/\/www.adolphesax.be\/de\/wp-json\/wp\/v2\/types\/page"}],"author":[{"embeddable":true,"href":"https:\/\/www.adolphesax.be\/de\/wp-json\/wp\/v2\/users\/1"}],"replies":[{"embeddable":true,"href":"https:\/\/www.adolphesax.be\/de\/wp-json\/wp\/v2\/comments?post=4164"}],"version-history":[{"count":5,"href":"https:\/\/www.adolphesax.be\/de\/wp-json\/wp\/v2\/pages\/4164\/revisions"}],"predecessor-version":[{"id":8577,"href":"https:\/\/www.adolphesax.be\/de\/wp-json\/wp\/v2\/pages\/4164\/revisions\/8577"}],"wp:attachment":[{"href":"https:\/\/www.adolphesax.be\/de\/wp-json\/wp\/v2\/media?parent=4164"}],"curies":[{"name":"wp","href":"https:\/\/api.w.org\/{rel}","templated":true}]}}