{"id":4807,"date":"2024-03-19T16:09:49","date_gmt":"2024-03-19T15:09:49","guid":{"rendered":"https:\/\/www.adolphesax.be\/?page_id=4807"},"modified":"2024-05-21T21:18:55","modified_gmt":"2024-05-21T20:18:55","slug":"aspirant-by-adolphe-sax-cie","status":"publish","type":"page","link":"https:\/\/www.adolphesax.be\/de\/aspirant-by-adolphe-sax-cie\/","title":{"rendered":"Aspirant by Adolphe Sax &#038; Cie"},"content":{"rendered":"<p>Seit geraumer Zeit konzentriert sich Adolphe Sax &amp; Cie auf das h\u00f6chste Segment. Trotz des breiten Angebots an Studiensaxophonen anderer Marken schien es Bedarf an einer besseren Alternative zu geben. Mit dem Aspirant von Adolphe Sax &amp; Cie k\u00f6nnen wir das nun bieten.<\/p>\n<p>Seitdem einige der gr\u00f6\u00dften Hersteller die Produktion in Niedriglohnl\u00e4nder verlagert haben, hat die Bauqualit\u00e4t dieser Instrumente in den letzten Jahren erheblich abgenommen.<\/p>\n<p>Die Verwendung von zu weichen Legierungen und minderwertigen Polstern f\u00fchrt zu vielen Problemen. Schrauben brechen ab, Polster m\u00fcssen schnell ausgetauscht werden, und letztendlich wird das oft nicht so g\u00fcnstige Saxophon zu einem kostspieligen Kauf.<\/p>\n<p>Basierend auf einem der meistverkauften Saxophone der Welt ist der Aspirant nicht nur ein gew\u00f6hnliches Einsteiger-Saxophon. Es ist ein Mittelklasse-Saxophon zum Preis eines Studiensaxophons.<\/p>\n<p>Auch in Bezug auf das Aussehen \u00fcbertrifft der Aspirant das durchschnittliche Saxophon. Die matte geb\u00fcrstete Oberfl\u00e4che ist mit einem klaren, d\u00fcnnen, sch\u00fctzenden Lack beschichtet. Die Tasten wurden vernickelt, um grobe Handhabung besser zu widerstehen, ganz in der Tradition von Vintage-Saxophonen.<\/p>\n<p>Der Aspirant wird mit unserem neuesten leichten Adolphe Sax &amp; Cie Koffer geliefert. <strong>Empfohlener Verkaufspreis: 1650 \u20ac, mit einem Einf\u00fchrungspreis von 1250 \u20ac<\/strong>.<\/p>\n<p>NEUIGKEITEN: Nach gro\u00dfer Nachfrage ist jetzt auch das Aspirant Tenorsaxophon erh\u00e4ltlich!<br \/>\n<strong>Empfohlener Verkaufspreis: 2435 \u20ac, mit einem Einf\u00fchrungspreis von 1841 \u20ac<\/strong>.<\/p>\n<p>M\u00f6chten Sie den Aspirant unverbindlich in unserem Gesch\u00e4ft in Br\u00fcgge testen oder bevorzugen Sie eine Vorf\u00fchrung in Ihrer Musikschule, Ihrem Harmonie- oder Blasorchester? Bitte kontaktieren Sie uns!<\/p>\n<p><img loading=\"lazy\" decoding=\"async\" class=\"wp-image-2424 alignleft\" src=\"https:\/\/www.adolphesax.be\/wp-content\/uploads\/2017\/09\/14311372_864476663689665_6227995480159017815_o-5-683x1024.jpg\" alt=\"\" width=\"473\" height=\"710\" srcset=\"https:\/\/www.adolphesax.be\/wp-content\/uploads\/2017\/09\/14311372_864476663689665_6227995480159017815_o-5-683x1024.jpg 683w, https:\/\/www.adolphesax.be\/wp-content\/uploads\/2017\/09\/14311372_864476663689665_6227995480159017815_o-5-300x450.jpg 300w, https:\/\/www.adolphesax.be\/wp-content\/uploads\/2017\/09\/14311372_864476663689665_6227995480159017815_o-5-200x300.jpg 200w, https:\/\/www.adolphesax.be\/wp-content\/uploads\/2017\/09\/14311372_864476663689665_6227995480159017815_o-5-768x1151.jpg 768w, https:\/\/www.adolphesax.be\/wp-content\/uploads\/2017\/09\/14311372_864476663689665_6227995480159017815_o-5-1200x1799.jpg 1200w, https:\/\/www.adolphesax.be\/wp-content\/uploads\/2017\/09\/14311372_864476663689665_6227995480159017815_o-5-900x1349.jpg 900w, https:\/\/www.adolphesax.be\/wp-content\/uploads\/2017\/09\/14311372_864476663689665_6227995480159017815_o-5-400x600.jpg 400w, https:\/\/www.adolphesax.be\/wp-content\/uploads\/2017\/09\/14311372_864476663689665_6227995480159017815_o-5.jpg 1366w\" sizes=\"auto, (max-width: 473px) 100vw, 473px\" \/><img loading=\"lazy\" decoding=\"async\" class=\"wp-image-2423 alignright\" src=\"https:\/\/www.adolphesax.be\/wp-content\/uploads\/2017\/09\/14290020_864476670356331_1736608137007089039_o-2-683x1024.jpg\" alt=\"\" width=\"474\" height=\"711\" srcset=\"https:\/\/www.adolphesax.be\/wp-content\/uploads\/2017\/09\/14290020_864476670356331_1736608137007089039_o-2-683x1024.jpg 683w, https:\/\/www.adolphesax.be\/wp-content\/uploads\/2017\/09\/14290020_864476670356331_1736608137007089039_o-2-300x450.jpg 300w, https:\/\/www.adolphesax.be\/wp-content\/uploads\/2017\/09\/14290020_864476670356331_1736608137007089039_o-2-200x300.jpg 200w, https:\/\/www.adolphesax.be\/wp-content\/uploads\/2017\/09\/14290020_864476670356331_1736608137007089039_o-2-768x1152.jpg 768w, https:\/\/www.adolphesax.be\/wp-content\/uploads\/2017\/09\/14290020_864476670356331_1736608137007089039_o-2-1200x1800.jpg 1200w, https:\/\/www.adolphesax.be\/wp-content\/uploads\/2017\/09\/14290020_864476670356331_1736608137007089039_o-2-900x1350.jpg 900w, https:\/\/www.adolphesax.be\/wp-content\/uploads\/2017\/09\/14290020_864476670356331_1736608137007089039_o-2-400x600.jpg 400w, https:\/\/www.adolphesax.be\/wp-content\/uploads\/2017\/09\/14290020_864476670356331_1736608137007089039_o-2.jpg 1365w\" sizes=\"auto, (max-width: 474px) 100vw, 474px\" \/><\/p>\n<p>&nbsp;<\/p>\n<p><a href=\"https:\/\/www.adolphesax.be\/wp-content\/uploads\/2018\/05\/30073111_10214982655016591_1425397954103022982_o.jpg\"><br \/>\n<\/a> <a href=\"https:\/\/www.adolphesax.be\/wp-content\/uploads\/2022\/08\/20220827_102227-1-scaled.jpg\"><img loading=\"lazy\" decoding=\"async\" class=\"aligncenter wp-image-4657\" src=\"https:\/\/www.adolphesax.be\/wp-content\/uploads\/2022\/08\/20220827_102227-1-scaled.jpg\" alt=\"Aspirant II tenor sax\" width=\"867\" height=\"1489\" srcset=\"https:\/\/www.adolphesax.be\/wp-content\/uploads\/2022\/08\/20220827_102227-1-scaled.jpg 1490w, https:\/\/www.adolphesax.be\/wp-content\/uploads\/2022\/08\/20220827_102227-1-175x300.jpg 175w, https:\/\/www.adolphesax.be\/wp-content\/uploads\/2022\/08\/20220827_102227-1-596x1024.jpg 596w, https:\/\/www.adolphesax.be\/wp-content\/uploads\/2022\/08\/20220827_102227-1-768x1320.jpg 768w, https:\/\/www.adolphesax.be\/wp-content\/uploads\/2022\/08\/20220827_102227-1-894x1536.jpg 894w, https:\/\/www.adolphesax.be\/wp-content\/uploads\/2022\/08\/20220827_102227-1-1192x2048.jpg 1192w, https:\/\/www.adolphesax.be\/wp-content\/uploads\/2022\/08\/20220827_102227-1-2048x3520.jpg 2048w, https:\/\/www.adolphesax.be\/wp-content\/uploads\/2022\/08\/20220827_102227-1-1200x2062.jpg 1200w, https:\/\/www.adolphesax.be\/wp-content\/uploads\/2022\/08\/20220827_102227-1-900x1547.jpg 900w, https:\/\/www.adolphesax.be\/wp-content\/uploads\/2022\/08\/20220827_102227-1-400x687.jpg 400w, https:\/\/www.adolphesax.be\/wp-content\/uploads\/2022\/08\/20220827_102227-1-300x516.jpg 300w\" sizes=\"auto, (max-width: 867px) 100vw, 867px\" \/><\/a><\/p>\n<p>&nbsp;<\/p>\n","protected":false},"excerpt":{"rendered":"<p>Seit geraumer Zeit konzentriert sich Adolphe Sax &amp; Cie auf das h\u00f6chste Segment. Trotz des breiten Angebots an Studiensaxophonen anderer Marken schien es Bedarf an einer besseren Alternative zu geben. Mit dem Aspirant von Adolphe Sax &amp; Cie k\u00f6nnen wir das nun bieten. Seitdem einige der gr\u00f6\u00dften Hersteller die Produktion in Niedriglohnl\u00e4nder verlagert haben, hat..<\/p>\n","protected":false},"author":1,"featured_media":0,"parent":0,"menu_order":0,"comment_status":"closed","ping_status":"closed","template":"","meta":{"footnotes":""},"class_list":["post-4807","page","type-page","status-publish","hentry"],"_links":{"self":[{"href":"https:\/\/www.adolphesax.be\/de\/wp-json\/wp\/v2\/pages\/4807","targetHints":{"allow":["GET"]}}],"collection":[{"href":"https:\/\/www.adolphesax.be\/de\/wp-json\/wp\/v2\/pages"}],"about":[{"href":"https:\/\/www.adolphesax.be\/de\/wp-json\/wp\/v2\/types\/page"}],"author":[{"embeddable":true,"href":"https:\/\/www.adolphesax.be\/de\/wp-json\/wp\/v2\/users\/1"}],"replies":[{"embeddable":true,"href":"https:\/\/www.adolphesax.be\/de\/wp-json\/wp\/v2\/comments?post=4807"}],"version-history":[{"count":6,"href":"https:\/\/www.adolphesax.be\/de\/wp-json\/wp\/v2\/pages\/4807\/revisions"}],"predecessor-version":[{"id":5344,"href":"https:\/\/www.adolphesax.be\/de\/wp-json\/wp\/v2\/pages\/4807\/revisions\/5344"}],"wp:attachment":[{"href":"https:\/\/www.adolphesax.be\/de\/wp-json\/wp\/v2\/media?parent=4807"}],"curies":[{"name":"wp","href":"https:\/\/api.w.org\/{rel}","templated":true}]}}