{"id":5242,"date":"2024-03-22T18:45:01","date_gmt":"2024-03-22T17:45:01","guid":{"rendered":"https:\/\/www.adolphesax.be\/?page_id=5242"},"modified":"2024-03-22T18:45:01","modified_gmt":"2024-03-22T17:45:01","slug":"adolphe-sax-2","status":"publish","type":"page","link":"https:\/\/www.adolphesax.be\/de\/adolphe-sax-2\/","title":{"rendered":"Adolphe Sax"},"content":{"rendered":"<div class=\"pixcode  pixcode--grid  grid  \">\n\n<div class=\"grid__item six-twelfths palm-one-whole island\">\n\n<hgroup class=\"pixcode  pixcode--heading article__headline\">\n\t<h2 class=\"headline__secondary\"><span class=\"first-letter\">1<\/span>814<\/h2>\n\t<h1 class=\"headline__primary\">Geburt von Adolphe Sax<\/h1>\n<\/hgroup>\n<div class=\"pixcode  pixcode--separator  separator separator--flower separator_color--dark\">&#10043;<\/div>\n\n<p style=\"text-align: center;\">Adolphe Sax wurde am 6. November 1814 in Dinant*(Belgien) geboren und war der \u00e4lteste Sohn von Charles-Joseph Sax (1791-1865), einem Instrumentenbauer und Besitzer einer Fabrik f\u00fcr Blasinstrumente in Br\u00fcssel. Vater Sax war auch Hoflieferant f\u00fcr das Haus Oranien zur Zeit des Vereinigten K\u00f6nigreichs der Niederlande.<\/p>\n\n<\/div>\n\n<div class=\"grid__item six-twelfths palm-one-whole \">\n\n<figure id=\"attachment_50\" aria-describedby=\"caption-attachment-50\" style=\"width: 800px\" class=\"wp-caption aligncenter\"><a href=\"https:\/\/www.adolphesax.be\/wp-content\/uploads\/2015\/07\/adolphe-sax-maison.jpg\"><img loading=\"lazy\" decoding=\"async\" class=\"wp-image-50 size-full\" src=\"https:\/\/www.adolphesax.be\/wp-content\/uploads\/2015\/07\/adolphe-sax-maison.jpg\" alt=\"@ Rue Sax 37, Dinant - Belgien\" width=\"800\" height=\"533\" \/><\/a><figcaption id=\"caption-attachment-50\" class=\"wp-caption-text\">@ Rue Sax 37, Dinant &#8211; Belgien<\/figcaption><\/figure>\n<p style=\"text-align: center;\"><strong>*An genau der Stelle, an der Adolphe Sax geboren wurde, befindet sich heute das Erlebniszentrum &#8222;La Maison de Monsieur SAX&#8220;, das besichtigt werden kann.<\/strong><\/p>\n\n<\/div>\n\n\n<\/div>\n\n<div class=\"pixcode  pixcode--separator  separator separator--line-flower\">\n<div class=\"line  line--left\"><\/div>\n<div class=\"line  line--right\"><\/div>\n<div class=\"star\">&#10043;<\/div>\n<div class=\"arrows\">\n<div class=\"arrow arrow--left\"><\/div>\n<div class=\"arrow arrow--right\"><\/div>\n<\/div>\n<\/div>\n\n<p>&nbsp;<\/p>\n<div class=\"pixcode  pixcode--grid  grid  \">\n\n<div class=\"grid__item six-twelfths palm-one-whole \">\n\n<figure id=\"attachment_50\" aria-describedby=\"caption-attachment-50\" style=\"width: 800px\" class=\"wp-caption aligncenter\"><a href=\"https:\/\/www.adolphesax.be\/wp-content\/uploads\/2015\/08\/conservatory-brussels-2.png\"><img loading=\"lazy\" decoding=\"async\" class=\"wp-image-50 size-full\" src=\"https:\/\/www.adolphesax.be\/wp-content\/uploads\/2015\/08\/conservatory-brussels-2.png\" alt=\"\u00a9 Batigolix\" width=\"800\" height=\"533\" \/><\/a><figcaption id=\"caption-attachment-50\" class=\"wp-caption-text\">\u00a9 Batigolix<\/figcaption><\/figure>\n\n<\/div>\n\n<div class=\"grid__item six-twelfths palm-one-whole island\">\n\n<hgroup class=\"pixcode  pixcode--heading article__headline\">\n\t<h2 class=\"headline__secondary\"><span class=\"first-letter\">1<\/span>828<\/h2>\n\t<h1 class=\"headline__primary\">Ausbildung<\/h1>\n<\/hgroup>\n<div class=\"pixcode  pixcode--separator  separator separator--flower separator_color--dark\">&#10043;<\/div>\n\n<p style=\"text-align: center;\">Adolphe Sax begann seine musikalische Ausbildung 1828 an der K\u00f6niglichen Musikschule Br\u00fcssel. Neben dieser allgemeinen Ausbildung nahm er auch Klarinettenunterricht. Mit der Klarinette nahm er im Alter von 15 Jahren an einem Wettbewerb teil.<\/p>\n\n<\/div>\n\n\n<\/div>\n\n<div class=\"pixcode  pixcode--separator  separator separator--line-flower\">\n<div class=\"line  line--left\"><\/div>\n<div class=\"line  line--right\"><\/div>\n<div class=\"star\">&#10043;<\/div>\n<div class=\"arrows\">\n<div class=\"arrow arrow--left\"><\/div>\n<div class=\"arrow arrow--right\"><\/div>\n<\/div>\n<\/div>\n\n<p>&nbsp;<\/p>\n<div class=\"pixcode  pixcode--grid  grid  \">\n\n<div class=\"grid__item six-twelfths palm-one-whole island\">\n\n<hgroup class=\"pixcode  pixcode--heading article__headline\">\n\t<h2 class=\"headline__secondary\"><span class=\"first-letter\">1<\/span>835-1840<\/h2>\n\t<h1 class=\"headline__primary\">Entwicklung<\/h1>\n<\/hgroup>\n<div class=\"pixcode  pixcode--separator  separator separator--flower separator_color--dark\">&#10043;<\/div>\n\n<p style=\"text-align: center;\">Seine ersten Experimente machte er mit der Bassklarinette: Er entwickelte ein neues 24-Tasten-System, das er auf der Br\u00fcsseler Industrieausstellung von 1835 demonstrierte und sp\u00e4ter patentieren lie\u00df. Danach arbeitete Adolphe Sax an Pl\u00e4nen f\u00fcr eine Reihe neuer Instrumente. Auf der Ausstellung von 1840 pr\u00e4sentierte er 9 Erfindungen, darunter eine Orgel, ein Klavierstimmungsverfahren und einen Schallschutzschirm.<\/p>\n\n<\/div>\n\n<div class=\"grid__item six-twelfths palm-one-whole island\">\n\n<hgroup class=\"pixcode  pixcode--heading article__headline\">\n\t<h2 class=\"headline__secondary\"><span class=\"first-letter\">1<\/span>841<\/h2>\n\t<h1 class=\"headline__primary\">Das Saxophon<\/h1>\n<\/hgroup>\n<div class=\"pixcode  pixcode--separator  separator separator--flower separator_color--dark\">&#10043;<\/div>\n\n<p style=\"text-align: center;\">Auf der Br\u00fcsseler Industrieausstellung von 1841 pr\u00e4sentierte Adolphe Sax zum ersten Mal seine eigene Kreation dem Publikum: das Saxophon!<\/p>\n<p style=\"text-align: center;\">Generalleutnant Graf De Rumigny wollte, dass Adolphe Sax das franz\u00f6sische Milit\u00e4r mit besseren Instrumenten versorgte. Adolphe Sax traf schnell die Entscheidung, nach Paris zu ziehen, der damaligen Hauptstadt der Musik in Europa.<\/p>\n\n<\/div>\n\n\n<\/div>\n\n","protected":false},"excerpt":{"rendered":"<p>&nbsp; &nbsp;<\/p>\n","protected":false},"author":1,"featured_media":3436,"parent":0,"menu_order":2,"comment_status":"closed","ping_status":"closed","template":"","meta":{"footnotes":""},"class_list":["post-5242","page","type-page","status-publish","has-post-thumbnail","hentry"],"_links":{"self":[{"href":"https:\/\/www.adolphesax.be\/de\/wp-json\/wp\/v2\/pages\/5242","targetHints":{"allow":["GET"]}}],"collection":[{"href":"https:\/\/www.adolphesax.be\/de\/wp-json\/wp\/v2\/pages"}],"about":[{"href":"https:\/\/www.adolphesax.be\/de\/wp-json\/wp\/v2\/types\/page"}],"author":[{"embeddable":true,"href":"https:\/\/www.adolphesax.be\/de\/wp-json\/wp\/v2\/users\/1"}],"replies":[{"embeddable":true,"href":"https:\/\/www.adolphesax.be\/de\/wp-json\/wp\/v2\/comments?post=5242"}],"version-history":[{"count":1,"href":"https:\/\/www.adolphesax.be\/de\/wp-json\/wp\/v2\/pages\/5242\/revisions"}],"predecessor-version":[{"id":5244,"href":"https:\/\/www.adolphesax.be\/de\/wp-json\/wp\/v2\/pages\/5242\/revisions\/5244"}],"wp:featuredmedia":[{"embeddable":true,"href":"https:\/\/www.adolphesax.be\/de\/wp-json\/wp\/v2\/media\/3436"}],"wp:attachment":[{"href":"https:\/\/www.adolphesax.be\/de\/wp-json\/wp\/v2\/media?parent=5242"}],"curies":[{"name":"wp","href":"https:\/\/api.w.org\/{rel}","templated":true}]}}