{"id":1306,"date":"2015-07-23T09:54:05","date_gmt":"2015-07-23T08:54:05","guid":{"rendered":"https:\/\/www.adolphesax.be\/home-2\/"},"modified":"2024-03-22T07:06:10","modified_gmt":"2024-03-22T06:06:10","slug":"home","status":"publish","type":"page","link":"https:\/\/www.adolphesax.be\/es\/","title":{"rendered":"Home"},"content":{"rendered":"<div class=\"pixcode  pixcode--grid  grid  \">\n\n<div class=\"grid__item six-twelfths palm-one-whole island\">\n\n<hgroup class=\"pixcode  pixcode--heading article__headline\">\n\t<h2 class=\"headline__secondary\"><span class=\"first-letter\">U<\/span>na rica<\/h2>\n\t<h1 class=\"headline__primary\">Historia<\/h1>\n<\/hgroup>\n<p>Adolphe Sax es el inventor del saxof\u00f3n. Naci\u00f3 el 6 de noviembre de 1814 en Dinant (B\u00e9lgica). Hasta su muerte en 1894, su vida estuvo marcada por la m\u00fasica. En 2012, su marca \u00abAdolphe Sax &amp; Cie\u00bb fue revivida por Karel Goetghebeur en Brujas: \u00abFabricamos saxofones como fueron concebidos por su inventor: siempre en busca de innovaci\u00f3n, un sonido maravilloso y una facilidad de juego contempor\u00e1nea. Ahora, Adolphe Sax conquista nuevamente corazones en todo el mundo desde B\u00e9lgica.\u00bb<\/p>\n<p style=\"text-align: center;\"><a  class=\"pixcode  pixcode--btn  btn  btn--text\" href=\"https:\/\/www.adolphesax.be\/adolphe-sax\" >Sobre Adolphe Sax<\/a>\n\n<\/div>\n\n<div class=\"grid__item three-twelfths palm-one-whole \">\n\n<img loading=\"lazy\" decoding=\"async\" class=\"aligncenter size-large wp-image-1397\" src=\"https:\/\/www.adolphesax.be\/wp-content\/uploads\/2015\/07\/adolphe-sax-intro-682x1024.jpg\" alt=\"adolphe-sax-intro\" width=\"682\" height=\"1024\" srcset=\"https:\/\/www.adolphesax.be\/wp-content\/uploads\/2015\/07\/adolphe-sax-intro-682x1024.jpg 682w, https:\/\/www.adolphesax.be\/wp-content\/uploads\/2015\/07\/adolphe-sax-intro-300x450.jpg 300w, https:\/\/www.adolphesax.be\/wp-content\/uploads\/2015\/07\/adolphe-sax-intro-200x300.jpg 200w, https:\/\/www.adolphesax.be\/wp-content\/uploads\/2015\/07\/adolphe-sax-intro-400x600.jpg 400w, https:\/\/www.adolphesax.be\/wp-content\/uploads\/2015\/07\/adolphe-sax-intro.jpg 773w\" sizes=\"auto, (max-width: 682px) 100vw, 682px\" \/><br \/>\n\n<\/div>\n\n<div class=\"grid__item three-twelfths palm-one-whole \">\n\n<img loading=\"lazy\" decoding=\"async\" class=\"aligncenter size-large wp-image-45\" src=\"https:\/\/www.adolphesax.be\/wp-content\/uploads\/2015\/06\/EDM_5557-682x1024.jpg\" alt=\"EDM_5557\" width=\"682\" height=\"1024\" srcset=\"https:\/\/www.adolphesax.be\/wp-content\/uploads\/2015\/06\/EDM_5557-682x1024.jpg 682w, https:\/\/www.adolphesax.be\/wp-content\/uploads\/2015\/06\/EDM_5557-300x451.jpg 300w, https:\/\/www.adolphesax.be\/wp-content\/uploads\/2015\/06\/EDM_5557-200x300.jpg 200w\" sizes=\"auto, (max-width: 682px) 100vw, 682px\" \/><br \/>\n\n<\/div>\n\n\n<\/div>\n\n","protected":false},"excerpt":{"rendered":"","protected":false},"author":1,"featured_media":1183,"parent":0,"menu_order":1,"comment_status":"closed","ping_status":"closed","template":"","meta":{"footnotes":""},"class_list":["post-1306","page","type-page","status-publish","has-post-thumbnail","hentry"],"_links":{"self":[{"href":"https:\/\/www.adolphesax.be\/es\/wp-json\/wp\/v2\/pages\/1306","targetHints":{"allow":["GET"]}}],"collection":[{"href":"https:\/\/www.adolphesax.be\/es\/wp-json\/wp\/v2\/pages"}],"about":[{"href":"https:\/\/www.adolphesax.be\/es\/wp-json\/wp\/v2\/types\/page"}],"author":[{"embeddable":true,"href":"https:\/\/www.adolphesax.be\/es\/wp-json\/wp\/v2\/users\/1"}],"replies":[{"embeddable":true,"href":"https:\/\/www.adolphesax.be\/es\/wp-json\/wp\/v2\/comments?post=1306"}],"version-history":[{"count":11,"href":"https:\/\/www.adolphesax.be\/es\/wp-json\/wp\/v2\/pages\/1306\/revisions"}],"predecessor-version":[{"id":5167,"href":"https:\/\/www.adolphesax.be\/es\/wp-json\/wp\/v2\/pages\/1306\/revisions\/5167"}],"wp:featuredmedia":[{"embeddable":true,"href":"https:\/\/www.adolphesax.be\/es\/wp-json\/wp\/v2\/media\/1183"}],"wp:attachment":[{"href":"https:\/\/www.adolphesax.be\/es\/wp-json\/wp\/v2\/media?parent=1306"}],"curies":[{"name":"wp","href":"https:\/\/api.w.org\/{rel}","templated":true}]}}