{"id":4845,"date":"2024-03-19T16:33:41","date_gmt":"2024-03-19T15:33:41","guid":{"rendered":"https:\/\/www.adolphesax.be\/?page_id=4845"},"modified":"2024-03-19T16:33:59","modified_gmt":"2024-03-19T15:33:59","slug":"aspirant-de-adolphe-sax-cie","status":"publish","type":"page","link":"https:\/\/www.adolphesax.be\/es\/aspirant-de-adolphe-sax-cie\/","title":{"rendered":"Aspirant de Adolphe Sax &#038; Cie"},"content":{"rendered":"<p>Desde hace bastante tiempo, Adolphe Sax &amp; Cie se ha estado enfocando en el segmento m\u00e1s alto. A pesar de la amplia gama de saxofones de estudio de otras marcas, parec\u00eda haber una demanda de una alternativa mejor. Con el Aspirant de Adolphe Sax &amp; Cie, ahora podemos proporcionar eso.<\/p>\n<p>Desde que algunos de los principales fabricantes trasladaron la producci\u00f3n a pa\u00edses de bajos salarios, la calidad de construcci\u00f3n de esos instrumentos ha disminuido significativamente en los \u00faltimos a\u00f1os.<\/p>\n<p>El uso de aleaciones excesivamente blandas y almohadillas de calidad inferior conduce a muchos problemas. Los tornillos se rompen, las almohadillas necesitan ser reemplazadas r\u00e1pidamente y, en \u00faltima instancia, el saxof\u00f3n, que a menudo no es tan barato, se convierte en una compra costosa.<\/p>\n<p>Basado en uno de los saxofones m\u00e1s vendidos del mundo, el Aspirant no es solo un saxof\u00f3n de nivel b\u00e1sico ordinario. Es un saxof\u00f3n de gama media al precio de un saxof\u00f3n de estudio.<\/p>\n<p>Incluso en t\u00e9rminos de apariencia, el Aspirant supera al saxof\u00f3n promedio. El acabado mate cepillado est\u00e1 recubierto con un barniz claro, delgado y protector. Las teclas han sido niqueladas para resistir mejor el manejo brusco, totalmente en la tradici\u00f3n de los saxofones vintage.<\/p>\n<p>El Aspirant viene con nuestro estuche Adolphe Sax &amp; Cie m\u00e1s ligero y nuevo. <strong>Precio de venta sugerido: 16505\u20ac, con un precio de introducci\u00f3n de 1250\u20ac.<\/strong><\/p>\n<p>\u00a1\u00daLTIMA HORA! Despu\u00e9s de mucha demanda, \u00a1el saxof\u00f3n tenor Aspirant ya est\u00e1 disponible!<br \/>\n<strong>Precio de venta sugerido: 2435\u20ac, con un precio de introducci\u00f3n de 1841\u20ac.<\/strong><\/p>\n<p>\u00bfLe gustar\u00eda probar el Aspirant sin compromiso en nuestra tienda en Brujas, o preferir\u00eda una demostraci\u00f3n en su escuela de m\u00fasica, armon\u00eda o banda de metales? \u00a1Por favor cont\u00e1ctenos!<\/p>\n<p><img loading=\"lazy\" decoding=\"async\" class=\"wp-image-2424 alignleft\" src=\"https:\/\/www.adolphesax.be\/wp-content\/uploads\/2017\/09\/14311372_864476663689665_6227995480159017815_o-5-683x1024.jpg\" alt=\"\" width=\"473\" height=\"710\" srcset=\"https:\/\/www.adolphesax.be\/wp-content\/uploads\/2017\/09\/14311372_864476663689665_6227995480159017815_o-5-683x1024.jpg 683w, https:\/\/www.adolphesax.be\/wp-content\/uploads\/2017\/09\/14311372_864476663689665_6227995480159017815_o-5-300x450.jpg 300w, https:\/\/www.adolphesax.be\/wp-content\/uploads\/2017\/09\/14311372_864476663689665_6227995480159017815_o-5-200x300.jpg 200w, https:\/\/www.adolphesax.be\/wp-content\/uploads\/2017\/09\/14311372_864476663689665_6227995480159017815_o-5-768x1151.jpg 768w, https:\/\/www.adolphesax.be\/wp-content\/uploads\/2017\/09\/14311372_864476663689665_6227995480159017815_o-5-1200x1799.jpg 1200w, https:\/\/www.adolphesax.be\/wp-content\/uploads\/2017\/09\/14311372_864476663689665_6227995480159017815_o-5-900x1349.jpg 900w, https:\/\/www.adolphesax.be\/wp-content\/uploads\/2017\/09\/14311372_864476663689665_6227995480159017815_o-5-400x600.jpg 400w, https:\/\/www.adolphesax.be\/wp-content\/uploads\/2017\/09\/14311372_864476663689665_6227995480159017815_o-5.jpg 1366w\" sizes=\"auto, (max-width: 473px) 100vw, 473px\" \/><img loading=\"lazy\" decoding=\"async\" class=\"wp-image-2423 alignright\" src=\"https:\/\/www.adolphesax.be\/wp-content\/uploads\/2017\/09\/14290020_864476670356331_1736608137007089039_o-2-683x1024.jpg\" alt=\"\" width=\"474\" height=\"711\" srcset=\"https:\/\/www.adolphesax.be\/wp-content\/uploads\/2017\/09\/14290020_864476670356331_1736608137007089039_o-2-683x1024.jpg 683w, https:\/\/www.adolphesax.be\/wp-content\/uploads\/2017\/09\/14290020_864476670356331_1736608137007089039_o-2-300x450.jpg 300w, https:\/\/www.adolphesax.be\/wp-content\/uploads\/2017\/09\/14290020_864476670356331_1736608137007089039_o-2-200x300.jpg 200w, https:\/\/www.adolphesax.be\/wp-content\/uploads\/2017\/09\/14290020_864476670356331_1736608137007089039_o-2-768x1152.jpg 768w, https:\/\/www.adolphesax.be\/wp-content\/uploads\/2017\/09\/14290020_864476670356331_1736608137007089039_o-2-1200x1800.jpg 1200w, https:\/\/www.adolphesax.be\/wp-content\/uploads\/2017\/09\/14290020_864476670356331_1736608137007089039_o-2-900x1350.jpg 900w, https:\/\/www.adolphesax.be\/wp-content\/uploads\/2017\/09\/14290020_864476670356331_1736608137007089039_o-2-400x600.jpg 400w, https:\/\/www.adolphesax.be\/wp-content\/uploads\/2017\/09\/14290020_864476670356331_1736608137007089039_o-2.jpg 1365w\" sizes=\"auto, (max-width: 474px) 100vw, 474px\" \/><\/p>\n<p>&nbsp;<\/p>\n<p><a href=\"https:\/\/www.adolphesax.be\/wp-content\/uploads\/2018\/05\/30073111_10214982655016591_1425397954103022982_o.jpg\"><br \/>\n<\/a> <a href=\"https:\/\/www.adolphesax.be\/wp-content\/uploads\/2022\/08\/20220827_102227-1-scaled.jpg\"><img loading=\"lazy\" decoding=\"async\" class=\"aligncenter wp-image-4657\" src=\"https:\/\/www.adolphesax.be\/wp-content\/uploads\/2022\/08\/20220827_102227-1-scaled.jpg\" alt=\"Aspirant II tenor sax\" width=\"867\" height=\"1489\" srcset=\"https:\/\/www.adolphesax.be\/wp-content\/uploads\/2022\/08\/20220827_102227-1-scaled.jpg 1490w, https:\/\/www.adolphesax.be\/wp-content\/uploads\/2022\/08\/20220827_102227-1-175x300.jpg 175w, https:\/\/www.adolphesax.be\/wp-content\/uploads\/2022\/08\/20220827_102227-1-596x1024.jpg 596w, https:\/\/www.adolphesax.be\/wp-content\/uploads\/2022\/08\/20220827_102227-1-768x1320.jpg 768w, https:\/\/www.adolphesax.be\/wp-content\/uploads\/2022\/08\/20220827_102227-1-894x1536.jpg 894w, https:\/\/www.adolphesax.be\/wp-content\/uploads\/2022\/08\/20220827_102227-1-1192x2048.jpg 1192w, https:\/\/www.adolphesax.be\/wp-content\/uploads\/2022\/08\/20220827_102227-1-2048x3520.jpg 2048w, https:\/\/www.adolphesax.be\/wp-content\/uploads\/2022\/08\/20220827_102227-1-1200x2062.jpg 1200w, https:\/\/www.adolphesax.be\/wp-content\/uploads\/2022\/08\/20220827_102227-1-900x1547.jpg 900w, https:\/\/www.adolphesax.be\/wp-content\/uploads\/2022\/08\/20220827_102227-1-400x687.jpg 400w, https:\/\/www.adolphesax.be\/wp-content\/uploads\/2022\/08\/20220827_102227-1-300x516.jpg 300w\" sizes=\"auto, (max-width: 867px) 100vw, 867px\" \/><\/a><\/p>\n<p>&nbsp;<\/p>\n","protected":false},"excerpt":{"rendered":"<p>Desde hace bastante tiempo, Adolphe Sax &amp; Cie se ha estado enfocando en el segmento m\u00e1s alto. A pesar de la amplia gama de saxofones de estudio de otras marcas, parec\u00eda haber una demanda de una alternativa mejor. Con el Aspirant de Adolphe Sax &amp; Cie, ahora podemos proporcionar eso. Desde que algunos de los..<\/p>\n","protected":false},"author":1,"featured_media":0,"parent":0,"menu_order":0,"comment_status":"closed","ping_status":"closed","template":"","meta":{"footnotes":""},"class_list":["post-4845","page","type-page","status-publish","hentry"],"_links":{"self":[{"href":"https:\/\/www.adolphesax.be\/es\/wp-json\/wp\/v2\/pages\/4845","targetHints":{"allow":["GET"]}}],"collection":[{"href":"https:\/\/www.adolphesax.be\/es\/wp-json\/wp\/v2\/pages"}],"about":[{"href":"https:\/\/www.adolphesax.be\/es\/wp-json\/wp\/v2\/types\/page"}],"author":[{"embeddable":true,"href":"https:\/\/www.adolphesax.be\/es\/wp-json\/wp\/v2\/users\/1"}],"replies":[{"embeddable":true,"href":"https:\/\/www.adolphesax.be\/es\/wp-json\/wp\/v2\/comments?post=4845"}],"version-history":[{"count":3,"href":"https:\/\/www.adolphesax.be\/es\/wp-json\/wp\/v2\/pages\/4845\/revisions"}],"predecessor-version":[{"id":4849,"href":"https:\/\/www.adolphesax.be\/es\/wp-json\/wp\/v2\/pages\/4845\/revisions\/4849"}],"wp:attachment":[{"href":"https:\/\/www.adolphesax.be\/es\/wp-json\/wp\/v2\/media?parent=4845"}],"curies":[{"name":"wp","href":"https:\/\/api.w.org\/{rel}","templated":true}]}}