{"id":5104,"date":"2024-03-21T12:23:42","date_gmt":"2024-03-21T11:23:42","guid":{"rendered":"https:\/\/www.adolphesax.be\/?page_id=5104"},"modified":"2025-06-08T11:43:58","modified_gmt":"2025-06-08T10:43:58","slug":"contacto","status":"publish","type":"page","link":"https:\/\/www.adolphesax.be\/es\/contacto\/","title":{"rendered":"Contacto"},"content":{"rendered":"<div class=\"pixcode  pixcode--grid  grid  \">\n\n<div class=\"grid__item three-twelfths palm-one-whole \">\n\n<h3 class=\"flush--top\">Venta y revisiones<\/h3>\n<p>Nuestra actual oficina y sala de exhibici\u00f3n de Adolphe Sax &amp; Cie se encuentra en Brujas. De f\u00e1cil acceso.<\/p>\n<p>Le damos una c\u00e1lida bienvenida para que explore y toque nuestra amplia gama de saxofones Adolphe Sax &amp; Cie\u00ae. Con gusto ofrecemos explicaciones y asesoramiento. Tambi\u00e9n estamos disponibles para la reparaci\u00f3n o revisi\u00f3n de su saxof\u00f3n actual.<br \/>\n\n<\/div>\n\n<div class=\"grid__item three-twelfths palm-one-whole \">\n\n<p><a href=\"https:\/\/www.adolphesax.be\/wp-content\/uploads\/2015\/06\/EDM_5557.jpg\"><img loading=\"lazy\" decoding=\"async\" class=\"aligncenter size-large wp-image-45\" src=\"https:\/\/www.adolphesax.be\/wp-content\/uploads\/2015\/06\/EDM_5557-682x1024.jpg\" alt=\"EDM_5557\" width=\"682\" height=\"1024\" srcset=\"https:\/\/www.adolphesax.be\/wp-content\/uploads\/2015\/06\/EDM_5557-682x1024.jpg 682w, https:\/\/www.adolphesax.be\/wp-content\/uploads\/2015\/06\/EDM_5557-300x451.jpg 300w, https:\/\/www.adolphesax.be\/wp-content\/uploads\/2015\/06\/EDM_5557-200x300.jpg 200w\" sizes=\"auto, (max-width: 682px) 100vw, 682px\" \/><\/a><\/p>\n\n<\/div>\n\n<div class=\"grid__item three-twelfths palm-one-whole \">\n\n<h3>Direcci\u00f3n<\/h3>\n<p><span style=\"color: #000000;\"><strong>KRAKELEWEG 2, 8000 BRUJAS<\/strong><\/span><\/p>\n<p><strong>Estacionamiento gratuito. Simplemente ingrese. Si est\u00e1 completo: estacione al otro lado en Dovy cocinas<\/strong><\/p>\n<h3>Horario<\/h3>\n<p>Lunes y Mi\u00e9rcoles<br \/>\n14:00-18:00<br \/>\nS\u00e1bado 13:30-17:30<br \/>\n<strong>Lunes por la ma\u00f1ana, Martes, mi\u00e9rcoles por la ma\u00f1ana, jueves y viernes solo con cita previa.<\/strong><\/p>\n<p>Cerrado los domingos y festivos.<\/p>\n<p><span style=\"color: #ff0000;\"><strong>PUEDE RESERVAR CITAS POR SU CUENTA A TRAV\u00c9S DE <a href=\"https:\/\/adolphesax.odoo.com\/book\/meet\">ESTE ENLACE<\/a><\/strong> <\/span><\/p>\n<p><span style=\"color: #000080;\"><strong>*\u00bfQuieres probar saxofones? Es perfectamente posible.<br \/>\nHemos creado un esterilizador de saxof\u00f3n y, por lo tanto, esterilizamos todos los instrumentos y boquillas despu\u00e9s del uso.<\/strong><\/span><\/p>\n\n<\/div>\n\n<div class=\"grid__item three-twelfths palm-one-whole \">\n\n<h3>Contacto<\/h3>\n<p>BE +32 497 55 55 85<\/p>\n<p><a href=\"https:\/\/www.adolphesax.be\/es\/contacto\/#preguntas\">Formulario de contacto<\/a><\/p>\n<h3>Redes Sociales<\/h3>\n<a class=\"pixcode-icon-link\"  href=\"https:\/\/www.facebook.com\/AdolpheSaxCie\"  target=\"_blank\" \"><i class=\"pixcode  pixcode--icon  icon-e-facebook-squared  circle  big  \"><\/i><\/a>\n<a class=\"pixcode-icon-link\"  href=\"http:\/\/twitter.com\/adolphesax_be\"  target=\"_blank\" \"><i class=\"pixcode  pixcode--icon  icon-e-twitter-circled  circle  big  \"><\/i><\/a>\n<a class=\"pixcode-icon-link\"  href=\"http:\/\/www.youtube.com\/user\/adolphesaxetcie\"  target=\"_blank\" \"><i class=\"pixcode  pixcode--icon  icon-e-video  circle  big  \"><\/i><\/a>\n\n<\/div>\n\n\n<\/div>\n\n","protected":false},"excerpt":{"rendered":"","protected":false},"author":1,"featured_media":0,"parent":0,"menu_order":5,"comment_status":"closed","ping_status":"open","template":"","meta":{"footnotes":""},"class_list":["post-5104","page","type-page","status-publish","hentry"],"_links":{"self":[{"href":"https:\/\/www.adolphesax.be\/es\/wp-json\/wp\/v2\/pages\/5104","targetHints":{"allow":["GET"]}}],"collection":[{"href":"https:\/\/www.adolphesax.be\/es\/wp-json\/wp\/v2\/pages"}],"about":[{"href":"https:\/\/www.adolphesax.be\/es\/wp-json\/wp\/v2\/types\/page"}],"author":[{"embeddable":true,"href":"https:\/\/www.adolphesax.be\/es\/wp-json\/wp\/v2\/users\/1"}],"replies":[{"embeddable":true,"href":"https:\/\/www.adolphesax.be\/es\/wp-json\/wp\/v2\/comments?post=5104"}],"version-history":[{"count":3,"href":"https:\/\/www.adolphesax.be\/es\/wp-json\/wp\/v2\/pages\/5104\/revisions"}],"predecessor-version":[{"id":8582,"href":"https:\/\/www.adolphesax.be\/es\/wp-json\/wp\/v2\/pages\/5104\/revisions\/8582"}],"wp:attachment":[{"href":"https:\/\/www.adolphesax.be\/es\/wp-json\/wp\/v2\/media?parent=5104"}],"curies":[{"name":"wp","href":"https:\/\/api.w.org\/{rel}","templated":true}]}}