{"id":5137,"date":"2024-03-21T20:56:58","date_gmt":"2024-03-21T19:56:58","guid":{"rendered":"https:\/\/www.adolphesax.be\/?page_id=5137"},"modified":"2024-03-21T20:56:58","modified_gmt":"2024-03-21T19:56:58","slug":"saxofones","status":"publish","type":"page","link":"https:\/\/www.adolphesax.be\/es\/saxofones\/","title":{"rendered":"Saxofones"},"content":{"rendered":"<div class=\"pixcode  pixcode--grid  grid  \">\n\n<div class=\"grid__item six-twelfths palm-one-whole \">\n\n<p>Con un saxof\u00f3n \u00abAdolphe Sax &#038; Cie\u00bb, lo \u00abvintage\u00bb no se limita al acabado. Vamos m\u00e1s all\u00e1: nos basamos en antiguos perfiles de perforaci\u00f3n y los combinamos con equipos modernos. De esta manera, obtenemos el encanto de un saxof\u00f3n \u00abvintage\u00bb, con la facilidad de juego de un saxof\u00f3n moderno.<\/p>\n<p><iframe loading=\"lazy\" title=\"Adolphe Sax &amp; Cie unlacquered alto saxophone\" width=\"960\" height=\"540\" src=\"https:\/\/www.youtube.com\/embed\/3xyrshIAoK0?feature=oembed\" frameborder=\"0\" allow=\"accelerometer; autoplay; clipboard-write; encrypted-media; gyroscope; picture-in-picture; web-share\" allowfullscreen><\/iframe><\/p>\n\n<\/div>\n\n<div class=\"grid__item six-twelfths palm-one-whole \">\n\n<p>Al hablar con un saxofonista profesional, aprender\u00e1 que el color del instrumento les importa poco: principalmente buscan un buen sonido.<\/p>\n<p>Al hablar con un t\u00e9cnico de saxofones, escuchar\u00e1 que la facilidad de mantenimiento y la durabilidad juegan un papel importante.<\/p>\n<p>En \u00abAdolphe Sax &#038; Cie\u00bb, estamos atentos a estas necesidades y optamos por ofrecer saxofones en el mercado sin adornos innecesarios. Utilizamos materiales duraderos y prestamos mucha atenci\u00f3n a los acabados y ajustes con nuestro experimentado equipo de t\u00e9cnicos en saxof\u00f3n.<\/p>\n<p>Realizamos una investigaci\u00f3n activa sobre la innovaci\u00f3n, pero esperamos que demuestren suficientemente su valor antes de aplicarlas en la producci\u00f3n de nuestros saxofones. Despu\u00e9s de todo, ustedes no son conejillos de indias.<\/p>\n<p>Nuestra gama de saxofones incluye los modelos: <a href=\"https:\/\/www.adolphesax.be\/saxofoons\/dinant\/\">Dinant<\/a> | <a href=\"https:\/\/www.adolphesax.be\/saxofoons\/brussels\/\">Brussels<\/a> | <a href=\"https:\/\/www.adolphesax.be\/saxofoons\/paris\/\">Paris<\/a> | <a href=\"https:\/\/www.adolphesax.be\/saxofoons\/bruges\/\">Bruges<\/a>\u00a0&amp;\u00a0<a href=\"https:\/\/www.adolphesax.be\/saxofoons\/custom\/\">Custom<\/a> Adolphe Sax &#038; Cie\u00ae.<br \/>\n\n<\/div>\n\n\n<\/div>\n\n","protected":false},"excerpt":{"rendered":"","protected":false},"author":1,"featured_media":3288,"parent":0,"menu_order":3,"comment_status":"closed","ping_status":"open","template":"","meta":{"footnotes":""},"class_list":["post-5137","page","type-page","status-publish","has-post-thumbnail","hentry"],"_links":{"self":[{"href":"https:\/\/www.adolphesax.be\/es\/wp-json\/wp\/v2\/pages\/5137","targetHints":{"allow":["GET"]}}],"collection":[{"href":"https:\/\/www.adolphesax.be\/es\/wp-json\/wp\/v2\/pages"}],"about":[{"href":"https:\/\/www.adolphesax.be\/es\/wp-json\/wp\/v2\/types\/page"}],"author":[{"embeddable":true,"href":"https:\/\/www.adolphesax.be\/es\/wp-json\/wp\/v2\/users\/1"}],"replies":[{"embeddable":true,"href":"https:\/\/www.adolphesax.be\/es\/wp-json\/wp\/v2\/comments?post=5137"}],"version-history":[{"count":1,"href":"https:\/\/www.adolphesax.be\/es\/wp-json\/wp\/v2\/pages\/5137\/revisions"}],"predecessor-version":[{"id":5139,"href":"https:\/\/www.adolphesax.be\/es\/wp-json\/wp\/v2\/pages\/5137\/revisions\/5139"}],"wp:featuredmedia":[{"embeddable":true,"href":"https:\/\/www.adolphesax.be\/es\/wp-json\/wp\/v2\/media\/3288"}],"wp:attachment":[{"href":"https:\/\/www.adolphesax.be\/es\/wp-json\/wp\/v2\/media?parent=5137"}],"curies":[{"name":"wp","href":"https:\/\/api.w.org\/{rel}","templated":true}]}}