{"id":4689,"date":"2017-09-06T07:45:04","date_gmt":"2017-09-06T06:45:04","guid":{"rendered":"https:\/\/www.adolphesax.be\/aspirant-by-adolphe-sax-cie\/"},"modified":"2024-05-21T21:18:40","modified_gmt":"2024-05-21T20:18:40","slug":"aspirant-par-adolphe-sax-cie","status":"publish","type":"page","link":"https:\/\/www.adolphesax.be\/fr\/aspirant-par-adolphe-sax-cie\/","title":{"rendered":"Aspirant par Adolphe Sax &#038; Cie"},"content":{"rendered":"<p>Depuis un certain temps d\u00e9j\u00e0, Adolphe Sax &amp; Cie se concentre sur le segment le plus haut de gamme. Malgr\u00e9 la large gamme de saxophones d&rsquo;\u00e9tude d&rsquo;autres marques, il s&rsquo;est av\u00e9r\u00e9 qu&rsquo;il y avait quand m\u00eame une demande pour une meilleure alternative. Avec l&rsquo;Aspirant de Adolphe Sax &amp; Cie, nous pouvons d\u00e9sormais r\u00e9pondre \u00e0 ce besoin.<\/p>\n<p>Depuis que certains des plus grands acteurs ont d\u00e9plac\u00e9 la production vers des pays \u00e0 bas salaires, la qualit\u00e9 de construction de ces instruments a consid\u00e9rablement diminu\u00e9 ces derni\u00e8res ann\u00e9es.<\/p>\n<p>L&rsquo;utilisation d&rsquo;alliages trop doux et de coussinets de qualit\u00e9 inf\u00e9rieure entra\u00eene de nombreux probl\u00e8mes. Les vis se cassent, les coussinets doivent \u00eatre remplac\u00e9s rapidement et, finalement, le saxophone, souvent pas si bon march\u00e9, devient un achat co\u00fbteux.<\/p>\n<p>Bas\u00e9 sur l&rsquo;un des saxophones les plus vendus au monde, l&rsquo;Aspirant n&rsquo;est pas un simple saxophone d&rsquo;entr\u00e9e de gamme. C&rsquo;est un saxophone de milieu de gamme au prix d&rsquo;un saxophone d&rsquo;\u00e9tude.<\/p>\n<p>Aussi en termes d&rsquo;apparence, l&rsquo;Aspirant d\u00e9passe le saxophone moyen. La finition mate bross\u00e9e est recouverte d&rsquo;un vernis clair, fin et protecteur. Les touches ont \u00e9t\u00e9 nickel\u00e9es pour rendre l&rsquo;ensemble plus r\u00e9sistant aux manipulations brusques, suivant totalement la tradition des saxophones vintage.<\/p>\n<p>L&rsquo;Aspirant est livr\u00e9 avec notre tout dernier \u00e9tui l\u00e9ger de Adolphe Sax &amp; Cie. <strong>Prix conseill\u00e9 : 1650\u20ac, avec un prix d&rsquo;introduction de 1250\u20ac.<\/strong><\/p>\n<p>NOUVEAUT\u00c9 : apr\u00e8s de nombreuses demandes, nous avons maintenant aussi le saxophone t\u00e9nor Aspirant !<br \/>\n<strong>Prix conseill\u00e9 : 2435\u20ac, avec un prix d&rsquo;introduction de 1841\u20ac.<\/strong><\/p>\n<p>Souhaitez-vous tester l&rsquo;Aspirant sans engagement dans notre magasin \u00e0 Bruges, ou pr\u00e9f\u00e9rez-vous une d\u00e9monstration dans votre \u00e9cole de musique, harmonie ou fanfare ? Contactez-nous !<\/p>\n<p><img loading=\"lazy\" decoding=\"async\" class=\"wp-image-2424 alignleft\" src=\"https:\/\/www.adolphesax.be\/wp-content\/uploads\/2017\/09\/14311372_864476663689665_6227995480159017815_o-5-683x1024.jpg\" alt=\"\" width=\"473\" height=\"710\" srcset=\"https:\/\/www.adolphesax.be\/wp-content\/uploads\/2017\/09\/14311372_864476663689665_6227995480159017815_o-5-683x1024.jpg 683w, https:\/\/www.adolphesax.be\/wp-content\/uploads\/2017\/09\/14311372_864476663689665_6227995480159017815_o-5-300x450.jpg 300w, https:\/\/www.adolphesax.be\/wp-content\/uploads\/2017\/09\/14311372_864476663689665_6227995480159017815_o-5-200x300.jpg 200w, https:\/\/www.adolphesax.be\/wp-content\/uploads\/2017\/09\/14311372_864476663689665_6227995480159017815_o-5-768x1151.jpg 768w, https:\/\/www.adolphesax.be\/wp-content\/uploads\/2017\/09\/14311372_864476663689665_6227995480159017815_o-5-1200x1799.jpg 1200w, https:\/\/www.adolphesax.be\/wp-content\/uploads\/2017\/09\/14311372_864476663689665_6227995480159017815_o-5-900x1349.jpg 900w, https:\/\/www.adolphesax.be\/wp-content\/uploads\/2017\/09\/14311372_864476663689665_6227995480159017815_o-5-400x600.jpg 400w, https:\/\/www.adolphesax.be\/wp-content\/uploads\/2017\/09\/14311372_864476663689665_6227995480159017815_o-5.jpg 1366w\" sizes=\"auto, (max-width: 473px) 100vw, 473px\" \/><img loading=\"lazy\" decoding=\"async\" class=\"wp-image-2423 alignright\" src=\"https:\/\/www.adolphesax.be\/wp-content\/uploads\/2017\/09\/14290020_864476670356331_1736608137007089039_o-2-683x1024.jpg\" alt=\"\" width=\"474\" height=\"711\" srcset=\"https:\/\/www.adolphesax.be\/wp-content\/uploads\/2017\/09\/14290020_864476670356331_1736608137007089039_o-2-683x1024.jpg 683w, https:\/\/www.adolphesax.be\/wp-content\/uploads\/2017\/09\/14290020_864476670356331_1736608137007089039_o-2-300x450.jpg 300w, https:\/\/www.adolphesax.be\/wp-content\/uploads\/2017\/09\/14290020_864476670356331_1736608137007089039_o-2-200x300.jpg 200w, https:\/\/www.adolphesax.be\/wp-content\/uploads\/2017\/09\/14290020_864476670356331_1736608137007089039_o-2-768x1152.jpg 768w, https:\/\/www.adolphesax.be\/wp-content\/uploads\/2017\/09\/14290020_864476670356331_1736608137007089039_o-2-1200x1800.jpg 1200w, https:\/\/www.adolphesax.be\/wp-content\/uploads\/2017\/09\/14290020_864476670356331_1736608137007089039_o-2-900x1350.jpg 900w, https:\/\/www.adolphesax.be\/wp-content\/uploads\/2017\/09\/14290020_864476670356331_1736608137007089039_o-2-400x600.jpg 400w, https:\/\/www.adolphesax.be\/wp-content\/uploads\/2017\/09\/14290020_864476670356331_1736608137007089039_o-2.jpg 1365w\" sizes=\"auto, (max-width: 474px) 100vw, 474px\" \/><\/p>\n<p><a href=\"https:\/\/www.adolphesax.be\/wp-content\/uploads\/2022\/08\/20220827_102227-1-scaled.jpg\"><img loading=\"lazy\" decoding=\"async\" class=\"aligncenter wp-image-4657\" src=\"https:\/\/www.adolphesax.be\/wp-content\/uploads\/2022\/08\/20220827_102227-1-scaled.jpg\" alt=\"\" width=\"867\" height=\"1489\" srcset=\"https:\/\/www.adolphesax.be\/wp-content\/uploads\/2022\/08\/20220827_102227-1-scaled.jpg 1490w, https:\/\/www.adolphesax.be\/wp-content\/uploads\/2022\/08\/20220827_102227-1-175x300.jpg 175w, https:\/\/www.adolphesax.be\/wp-content\/uploads\/2022\/08\/20220827_102227-1-596x1024.jpg 596w, https:\/\/www.adolphesax.be\/wp-content\/uploads\/2022\/08\/20220827_102227-1-768x1320.jpg 768w, https:\/\/www.adolphesax.be\/wp-content\/uploads\/2022\/08\/20220827_102227-1-894x1536.jpg 894w, https:\/\/www.adolphesax.be\/wp-content\/uploads\/2022\/08\/20220827_102227-1-1192x2048.jpg 1192w, https:\/\/www.adolphesax.be\/wp-content\/uploads\/2022\/08\/20220827_102227-1-2048x3520.jpg 2048w, https:\/\/www.adolphesax.be\/wp-content\/uploads\/2022\/08\/20220827_102227-1-1200x2062.jpg 1200w, https:\/\/www.adolphesax.be\/wp-content\/uploads\/2022\/08\/20220827_102227-1-900x1547.jpg 900w, https:\/\/www.adolphesax.be\/wp-content\/uploads\/2022\/08\/20220827_102227-1-400x687.jpg 400w, https:\/\/www.adolphesax.be\/wp-content\/uploads\/2022\/08\/20220827_102227-1-300x516.jpg 300w\" sizes=\"auto, (max-width: 867px) 100vw, 867px\" \/><\/a><\/p>\n<p>&nbsp;<\/p>\n","protected":false},"excerpt":{"rendered":"<p>Depuis un certain temps d\u00e9j\u00e0, Adolphe Sax &amp; Cie se concentre sur le segment le plus haut de gamme. Malgr\u00e9 la large gamme de saxophones d&rsquo;\u00e9tude d&rsquo;autres marques, il s&rsquo;est av\u00e9r\u00e9 qu&rsquo;il y avait quand m\u00eame une demande pour une meilleure alternative. Avec l&rsquo;Aspirant de Adolphe Sax &amp; Cie, nous pouvons d\u00e9sormais r\u00e9pondre \u00e0 ce..<\/p>\n","protected":false},"author":1,"featured_media":4027,"parent":0,"menu_order":0,"comment_status":"closed","ping_status":"closed","template":"","meta":{"footnotes":""},"class_list":["post-4689","page","type-page","status-publish","has-post-thumbnail","hentry"],"_links":{"self":[{"href":"https:\/\/www.adolphesax.be\/fr\/wp-json\/wp\/v2\/pages\/4689","targetHints":{"allow":["GET"]}}],"collection":[{"href":"https:\/\/www.adolphesax.be\/fr\/wp-json\/wp\/v2\/pages"}],"about":[{"href":"https:\/\/www.adolphesax.be\/fr\/wp-json\/wp\/v2\/types\/page"}],"author":[{"embeddable":true,"href":"https:\/\/www.adolphesax.be\/fr\/wp-json\/wp\/v2\/users\/1"}],"replies":[{"embeddable":true,"href":"https:\/\/www.adolphesax.be\/fr\/wp-json\/wp\/v2\/comments?post=4689"}],"version-history":[{"count":5,"href":"https:\/\/www.adolphesax.be\/fr\/wp-json\/wp\/v2\/pages\/4689\/revisions"}],"predecessor-version":[{"id":5343,"href":"https:\/\/www.adolphesax.be\/fr\/wp-json\/wp\/v2\/pages\/4689\/revisions\/5343"}],"wp:featuredmedia":[{"embeddable":true,"href":"https:\/\/www.adolphesax.be\/fr\/wp-json\/wp\/v2\/media\/4027"}],"wp:attachment":[{"href":"https:\/\/www.adolphesax.be\/fr\/wp-json\/wp\/v2\/media?parent=4689"}],"curies":[{"name":"wp","href":"https:\/\/api.w.org\/{rel}","templated":true}]}}