{"id":5060,"date":"2024-03-21T03:30:53","date_gmt":"2024-03-21T02:30:53","guid":{"rendered":"https:\/\/www.adolphesax.be\/?page_id=5060"},"modified":"2024-03-21T03:30:53","modified_gmt":"2024-03-21T02:30:53","slug":"adolphe-sax","status":"publish","type":"page","link":"https:\/\/www.adolphesax.be\/fr\/adolphe-sax\/","title":{"rendered":"Adolphe Sax"},"content":{"rendered":"<div class=\"pixcode  pixcode--grid  grid  \">\n\n<div class=\"grid__item six-twelfths palm-one-whole island\">\n\n<hgroup class=\"pixcode  pixcode--heading article__headline\">\n\t<h2 class=\"headline__secondary\"><span class=\"first-letter\">1<\/span>814<\/h2>\n\t<h1 class=\"headline__primary\">Naissance d'Adolphe Sax<\/h1>\n<\/hgroup>\n<div class=\"pixcode  pixcode--separator  separator separator--flower separator_color--dark\">&#10043;<\/div>\n\n<p style=\"text-align: center;\">Adolphe Sax est n\u00e9 \u00e0 Dinant*(Belgique) le 6 novembre 1814 et \u00e9tait le fils a\u00een\u00e9 de Charles-Joseph Sax (1791-1865), facteur d&rsquo;instruments et propri\u00e9taire d&rsquo;une usine d&rsquo;instruments \u00e0 vent \u00e0 Bruxelles.<br \/>\nLe p\u00e8re Sax \u00e9tait \u00e9galement fournisseur de la Cour de Hollande pendant le Royaume uni des Pays-Bas.<\/p>\n\n<\/div>\n\n<div class=\"grid__item six-twelfths palm-one-whole \">\n\n<figure id=\"attachment_50\" aria-describedby=\"caption-attachment-50\" style=\"width: 800px\" class=\"wp-caption aligncenter\"><a href=\"https:\/\/www.adolphesax.be\/wp-content\/uploads\/2015\/07\/adolphe-sax-maison.jpg\"><img loading=\"lazy\" decoding=\"async\" class=\"wp-image-50 size-full\" src=\"https:\/\/www.adolphesax.be\/wp-content\/uploads\/2015\/07\/adolphe-sax-maison.jpg\" alt=\"@ Rue Sax 37, Dinant - Belgi\u00eb\" width=\"800\" height=\"533\" \/><\/a><figcaption id=\"caption-attachment-50\" class=\"wp-caption-text\">@ Rue Sax 37, Dinant &#8211; Belgi\u00eb<\/figcaption><\/figure>\n<p style=\"text-align: center;\"><strong>*\u00c0 l&rsquo;endroit exact o\u00f9 Adolphe Sax est n\u00e9 se trouve maintenant le centre d&rsquo;exp\u00e9rience \u00ab\u00a0La Maison de Monsieur SAX\u00a0\u00bb, que l&rsquo;on peut visiter.<\/strong><\/p>\n\n<\/div>\n\n\n<\/div>\n\n<div class=\"pixcode  pixcode--separator  separator separator--line-flower\">\n<div class=\"line  line--left\"><\/div>\n<div class=\"line  line--right\"><\/div>\n<div class=\"star\">&#10043;<\/div>\n<div class=\"arrows\">\n<div class=\"arrow arrow--left\"><\/div>\n<div class=\"arrow arrow--right\"><\/div>\n<\/div>\n<\/div>\n\n<p>&nbsp;<\/p>\n<div class=\"pixcode  pixcode--grid  grid  \">\n\n<div class=\"grid__item six-twelfths palm-one-whole \">\n\n<figure id=\"attachment_50\" aria-describedby=\"caption-attachment-50\" style=\"width: 800px\" class=\"wp-caption aligncenter\"><a href=\"https:\/\/www.adolphesax.be\/wp-content\/uploads\/2015\/08\/conservatory-brussels-2.png\"><img loading=\"lazy\" decoding=\"async\" class=\"wp-image-50 size-full\" src=\"https:\/\/www.adolphesax.be\/wp-content\/uploads\/2015\/08\/conservatory-brussels-2.png\" alt=\"\u00a9 Batigolix\" width=\"800\" height=\"533\" \/><\/a><figcaption id=\"caption-attachment-50\" class=\"wp-caption-text\">\u00a9 Batigolix<\/figcaption><\/figure>\n\n<\/div>\n\n<div class=\"grid__item six-twelfths palm-one-whole island\">\n\n<hgroup class=\"pixcode  pixcode--heading article__headline\">\n\t<h2 class=\"headline__secondary\"><span class=\"first-letter\">1<\/span>828<\/h2>\n\t<h1 class=\"headline__primary\">\u00c9ducation<\/h1>\n<\/hgroup>\n<div class=\"pixcode  pixcode--separator  separator separator--flower separator_color--dark\">&#10043;<\/div>\n\n<p style=\"text-align: center;\">Adolphe Sax commence son \u00e9ducation musicale en 1828 \u00e0 l&rsquo;\u00c9cole royale de musique de Bruxelles. En plus de cette formation g\u00e9n\u00e9rale, il suit \u00e9galement des cours de clarinette. Avec la clarinette, il participe \u00e0 un concours \u00e0 l&rsquo;\u00e2ge de 15 ans.<\/p>\n\n<\/div>\n\n\n<\/div>\n\n<div class=\"pixcode  pixcode--separator  separator separator--line-flower\">\n<div class=\"line  line--left\"><\/div>\n<div class=\"line  line--right\"><\/div>\n<div class=\"star\">&#10043;<\/div>\n<div class=\"arrows\">\n<div class=\"arrow arrow--left\"><\/div>\n<div class=\"arrow arrow--right\"><\/div>\n<\/div>\n<\/div>\n\n<p>&nbsp;<\/p>\n<div class=\"pixcode  pixcode--grid  grid  \">\n\n<div class=\"grid__item six-twelfths palm-one-whole island\">\n\n<hgroup class=\"pixcode  pixcode--heading article__headline\">\n\t<h2 class=\"headline__secondary\"><span class=\"first-letter\">1<\/span>835-1840<\/h2>\n\t<h1 class=\"headline__primary\">D\u00e9veloppement<\/h1>\n<\/hgroup>\n<div class=\"pixcode  pixcode--separator  separator separator--flower separator_color--dark\">&#10043;<\/div>\n\n<p style=\"text-align: center;\">Ses premi\u00e8res exp\u00e9riences sont avec la clarinette basse : il d\u00e9veloppe un nouveau syst\u00e8me \u00e0 24 cl\u00e9s, qu&rsquo;il pr\u00e9sente \u00e0 l&rsquo;exposition industrielle de Bruxelles en 1835 et qu&rsquo;il brev\u00e8te plus tard.<br \/>\nEnsuite, Adolphe Sax travaille sur des plans pour une s\u00e9rie de nouveaux instruments. \u00c0 l&rsquo;exposition de 1840, il pr\u00e9sente 9 inventions, dont un orgue, un processus d&rsquo;accordage de piano et un \u00e9cran de r\u00e9flexion sonore.<\/p>\n\n<\/div>\n\n<div class=\"grid__item six-twelfths palm-one-whole island\">\n\n<hgroup class=\"pixcode  pixcode--heading article__headline\">\n\t<h2 class=\"headline__secondary\"><span class=\"first-letter\">1<\/span>841<\/h2>\n\t<h1 class=\"headline__primary\">Le saxophone<\/h1>\n<\/hgroup>\n<div class=\"pixcode  pixcode--separator  separator separator--flower separator_color--dark\">&#10043;<\/div>\n\n<p style=\"text-align: center;\">\u00c0 l&rsquo;exposition industrielle de Bruxelles de 1841, Adolphe Sax pr\u00e9sente pour la premi\u00e8re fois une cr\u00e9ation personnelle au public : le saxophone !<\/p>\n<p style=\"text-align: center;\">Le g\u00e9n\u00e9ral de division comte De Rumigny souhaite qu&rsquo;Adolphe Sax fournisse de meilleurs instruments \u00e0 l&rsquo;arm\u00e9e fran\u00e7aise. Adolphe Sax prend rapidement la d\u00e9cision de d\u00e9m\u00e9nager \u00e0 Paris, la capitale musicale de l&rsquo;Europe \u00e0 l&rsquo;\u00e9poque.<\/p>\n\n<\/div>\n\n\n<\/div>\n\n","protected":false},"excerpt":{"rendered":"<p>&nbsp; &nbsp;<\/p>\n","protected":false},"author":1,"featured_media":3435,"parent":0,"menu_order":2,"comment_status":"closed","ping_status":"closed","template":"","meta":{"footnotes":""},"class_list":["post-5060","page","type-page","status-publish","has-post-thumbnail","hentry"],"_links":{"self":[{"href":"https:\/\/www.adolphesax.be\/fr\/wp-json\/wp\/v2\/pages\/5060","targetHints":{"allow":["GET"]}}],"collection":[{"href":"https:\/\/www.adolphesax.be\/fr\/wp-json\/wp\/v2\/pages"}],"about":[{"href":"https:\/\/www.adolphesax.be\/fr\/wp-json\/wp\/v2\/types\/page"}],"author":[{"embeddable":true,"href":"https:\/\/www.adolphesax.be\/fr\/wp-json\/wp\/v2\/users\/1"}],"replies":[{"embeddable":true,"href":"https:\/\/www.adolphesax.be\/fr\/wp-json\/wp\/v2\/comments?post=5060"}],"version-history":[{"count":3,"href":"https:\/\/www.adolphesax.be\/fr\/wp-json\/wp\/v2\/pages\/5060\/revisions"}],"predecessor-version":[{"id":5064,"href":"https:\/\/www.adolphesax.be\/fr\/wp-json\/wp\/v2\/pages\/5060\/revisions\/5064"}],"wp:featuredmedia":[{"embeddable":true,"href":"https:\/\/www.adolphesax.be\/fr\/wp-json\/wp\/v2\/media\/3435"}],"wp:attachment":[{"href":"https:\/\/www.adolphesax.be\/fr\/wp-json\/wp\/v2\/media?parent=5060"}],"curies":[{"name":"wp","href":"https:\/\/api.w.org\/{rel}","templated":true}]}}