{"id":5098,"date":"2024-03-21T12:17:30","date_gmt":"2024-03-21T11:17:30","guid":{"rendered":"https:\/\/www.adolphesax.be\/?page_id=5098"},"modified":"2025-12-21T19:15:43","modified_gmt":"2025-12-21T18:15:43","slug":"contact","status":"publish","type":"page","link":"https:\/\/www.adolphesax.be\/fr\/contact\/","title":{"rendered":"Contact"},"content":{"rendered":"<div class=\"pixcode  pixcode--grid  grid  \">\n\n<div class=\"grid__item three-twelfths palm-one-whole \">\n\n<h3 class=\"flush--top\">vente &amp; r\u00e9visions<\/h3>\n<p>Notre bureau et showroom Adolphe Sax &amp; Cie sont situ\u00e9s \u00e0 Bruges. Facilement accessible.<\/p>\n<p>Vous \u00eates les bienvenus pour d\u00e9couvrir et jouer notre large gamme de saxophones Adolphe Sax &amp; Cie\u00ae. Nous sommes \u00e9galement heureux de fournir des explications et des conseils. Pour la r\u00e9paration ou la r\u00e9vision de votre saxophone actuel, vous pouvez \u00e9galement nous contacter.<br \/>\n\n<\/div>\n\n<div class=\"grid__item three-twelfths palm-one-whole \">\n\n<p><a href=\"https:\/\/www.adolphesax.be\/wp-content\/uploads\/2015\/06\/EDM_5557.jpg\"><img loading=\"lazy\" decoding=\"async\" class=\"aligncenter size-large wp-image-45\" src=\"https:\/\/www.adolphesax.be\/wp-content\/uploads\/2015\/06\/EDM_5557-682x1024.jpg\" alt=\"EDM_5557\" width=\"682\" height=\"1024\" srcset=\"https:\/\/www.adolphesax.be\/wp-content\/uploads\/2015\/06\/EDM_5557-682x1024.jpg 682w, https:\/\/www.adolphesax.be\/wp-content\/uploads\/2015\/06\/EDM_5557-300x451.jpg 300w, https:\/\/www.adolphesax.be\/wp-content\/uploads\/2015\/06\/EDM_5557-200x300.jpg 200w\" sizes=\"auto, (max-width: 682px) 100vw, 682px\" \/><\/a><\/p>\n\n<\/div>\n\n<div class=\"grid__item three-twelfths palm-one-whole \">\n\n<h3>Adresse<\/h3>\n<p><span style=\"color: #000000;\"><strong>KRAKELEWEG 2, 8000 BRUGES<\/strong><\/span><\/p>\n<p><strong>Stationnement gratuit. Il suffit de vous garer. Si complet : stationnez de l&rsquo;autre c\u00f4t\u00e9 chez Dovy cuisines<\/strong><\/p>\n<h3>Horaires d&rsquo;ouverture<\/h3>\n<p>Lundi &amp; Mercredi<br \/>\n14h00-18h00<br \/>\nSamedi 13h30-17h30<br \/>\n<strong>Lundi matin, Mardi, mercredi matin, jeudi et vendredi uniquement sur rendez-vous.<\/strong><\/p>\n<p>Ferm\u00e9 le dimanche et les jours f\u00e9ri\u00e9s.<\/p>\n<p><strong>Fermee 1\/1\/2026<\/strong><\/p>\n<p><span style=\"color: #ff0000;\"><strong>VOUS POUVEZ PRENDRE RENDEZ-VOUS PAR VOUS-M\u00caME VIA <a href=\"https:\/\/adolphesax.odoo.com\/appointment\">CE LIEN<\/a><\/strong> <\/span><\/p>\n<p><span style=\"color: #000080;\"><strong>*Tester des saxophones ? C&rsquo;est tout \u00e0 fait possible.<br \/>\nNous avons cr\u00e9\u00e9 un st\u00e9rilisateur de saxophone et st\u00e9rilisons donc tous les instruments et embouchures apr\u00e8s utilisation.<\/strong><\/span><\/p>\n\n<\/div>\n\n<div class=\"grid__item three-twelfths palm-one-whole \">\n\n<h3>Contact<\/h3>\n<p>BE +32 497 55 55 85<\/p>\n<p><a href=\"https:\/\/www.adolphesax.be\/fr\/contact\/#vragen\">Formulaire de contact<\/a><\/p>\n<h3>R\u00e9seaux sociaux<\/h3>\n<a class=\"pixcode-icon-link\"  href=\"https:\/\/www.facebook.com\/AdolpheSaxCie\"  target=\"_blank\" \"><i class=\"pixcode  pixcode--icon  icon-e-facebook-squared  circle  big  \"><\/i><\/a>\n<a class=\"pixcode-icon-link\"  href=\"http:\/\/twitter.com\/adolphesax_be\"  target=\"_blank\" \"><i class=\"pixcode  pixcode--icon  icon-e-twitter-circled  circle  big  \"><\/i><\/a>\n<a class=\"pixcode-icon-link\"  href=\"http:\/\/www.youtube.com\/user\/adolphesaxetcie\"  target=\"_blank\" \"><i class=\"pixcode  pixcode--icon  icon-e-video  circle  big  \"><\/i><\/a>\n\n<\/div>\n\n\n<\/div>\n\n","protected":false},"excerpt":{"rendered":"","protected":false},"author":1,"featured_media":0,"parent":0,"menu_order":5,"comment_status":"closed","ping_status":"open","template":"","meta":{"footnotes":""},"class_list":["post-5098","page","type-page","status-publish","hentry"],"_links":{"self":[{"href":"https:\/\/www.adolphesax.be\/fr\/wp-json\/wp\/v2\/pages\/5098","targetHints":{"allow":["GET"]}}],"collection":[{"href":"https:\/\/www.adolphesax.be\/fr\/wp-json\/wp\/v2\/pages"}],"about":[{"href":"https:\/\/www.adolphesax.be\/fr\/wp-json\/wp\/v2\/types\/page"}],"author":[{"embeddable":true,"href":"https:\/\/www.adolphesax.be\/fr\/wp-json\/wp\/v2\/users\/1"}],"replies":[{"embeddable":true,"href":"https:\/\/www.adolphesax.be\/fr\/wp-json\/wp\/v2\/comments?post=5098"}],"version-history":[{"count":15,"href":"https:\/\/www.adolphesax.be\/fr\/wp-json\/wp\/v2\/pages\/5098\/revisions"}],"predecessor-version":[{"id":11023,"href":"https:\/\/www.adolphesax.be\/fr\/wp-json\/wp\/v2\/pages\/5098\/revisions\/11023"}],"wp:attachment":[{"href":"https:\/\/www.adolphesax.be\/fr\/wp-json\/wp\/v2\/media?parent=5098"}],"curies":[{"name":"wp","href":"https:\/\/api.w.org\/{rel}","templated":true}]}}