{"id":5133,"date":"2024-03-21T20:54:08","date_gmt":"2024-03-21T19:54:08","guid":{"rendered":"https:\/\/www.adolphesax.be\/?page_id=5133"},"modified":"2024-03-21T20:54:08","modified_gmt":"2024-03-21T19:54:08","slug":"saxophones","status":"publish","type":"page","link":"https:\/\/www.adolphesax.be\/fr\/saxophones\/","title":{"rendered":"Saxophones"},"content":{"rendered":"<div class=\"pixcode  pixcode--grid  grid  \">\n\n<div class=\"grid__item six-twelfths palm-one-whole \">\n\n<p>Avec un saxophone \u00ab\u00a0Adolphe Sax &#038; Cie\u00a0\u00bb, le \u00ab\u00a0vintage\u00a0\u00bb ne se limite pas \u00e0 la finition. Nous allons plus loin : nous nous appuyons sur d&rsquo;anciens profils de per\u00e7age et les combinons avec un \u00e9quipement moderne. Ainsi, nous obtenons le charme d&rsquo;un saxophone \u00ab\u00a0vintage\u00a0\u00bb, avec la facilit\u00e9 de jeu d&rsquo;un saxophone moderne.<\/p>\n<p><iframe loading=\"lazy\" title=\"Adolphe Sax &amp; Cie unlacquered alto saxophone\" width=\"960\" height=\"540\" src=\"https:\/\/www.youtube.com\/embed\/3xyrshIAoK0?feature=oembed\" frameborder=\"0\" allow=\"accelerometer; autoplay; clipboard-write; encrypted-media; gyroscope; picture-in-picture; web-share\" allowfullscreen><\/iframe><\/p>\n\n<\/div>\n\n<div class=\"grid__item six-twelfths palm-one-whole \">\n\n<p>En parlant \u00e0 un saxophoniste professionnel, vous apprendrez que la couleur de l&rsquo;instrument leur importe peu : ils recherchent surtout un bon son.<\/p>\n<p>En discutant avec un technicien en saxophone, vous entendrez que la facilit\u00e9 d&rsquo;entretien et la durabilit\u00e9 jouent un r\u00f4le important.<\/p>\n<p>Chez \u00ab\u00a0Adolphe Sax &#038; Cie\u00a0\u00bb, nous sommes \u00e0 l&rsquo;\u00e9coute de ces besoins et nous choisissons de proposer des saxophones sur le march\u00e9 sans fioritures inutiles. Nous utilisons des mat\u00e9riaux durables et accordons une grande attention aux finitions et aux r\u00e9glages avec notre \u00e9quipe exp\u00e9riment\u00e9e de techniciens en saxophone.<\/p>\n<p>Nous menons des recherches actives sur l&rsquo;innovation, mais nous attendons qu&rsquo;elles aient suffisamment prouv\u00e9 leur valeur avant de les appliquer \u00e0 la production de nos saxophones. Vous n&rsquo;\u00eates pas des cobayes, apr\u00e8s tout.<\/p>\n<p>Notre gamme de saxophones comprend les mod\u00e8les : <a href=\"https:\/\/www.adolphesax.be\/saxofoons\/dinant\/\">Dinant<\/a> | <a href=\"https:\/\/www.adolphesax.be\/saxofoons\/brussels\/\">Brussels<\/a> | <a href=\"https:\/\/www.adolphesax.be\/saxofoons\/paris\/\">Paris<\/a> | <a href=\"https:\/\/www.adolphesax.be\/saxofoons\/bruges\/\">Bruges<\/a>\u00a0&amp;\u00a0<a href=\"https:\/\/www.adolphesax.be\/saxofoons\/custom\/\">Custom<\/a> Adolphe Sax &#038; Cie\u00ae.<br \/>\n\n<\/div>\n\n\n<\/div>\n\n","protected":false},"excerpt":{"rendered":"","protected":false},"author":1,"featured_media":3283,"parent":0,"menu_order":3,"comment_status":"closed","ping_status":"open","template":"","meta":{"footnotes":""},"class_list":["post-5133","page","type-page","status-publish","has-post-thumbnail","hentry"],"_links":{"self":[{"href":"https:\/\/www.adolphesax.be\/fr\/wp-json\/wp\/v2\/pages\/5133","targetHints":{"allow":["GET"]}}],"collection":[{"href":"https:\/\/www.adolphesax.be\/fr\/wp-json\/wp\/v2\/pages"}],"about":[{"href":"https:\/\/www.adolphesax.be\/fr\/wp-json\/wp\/v2\/types\/page"}],"author":[{"embeddable":true,"href":"https:\/\/www.adolphesax.be\/fr\/wp-json\/wp\/v2\/users\/1"}],"replies":[{"embeddable":true,"href":"https:\/\/www.adolphesax.be\/fr\/wp-json\/wp\/v2\/comments?post=5133"}],"version-history":[{"count":2,"href":"https:\/\/www.adolphesax.be\/fr\/wp-json\/wp\/v2\/pages\/5133\/revisions"}],"predecessor-version":[{"id":5136,"href":"https:\/\/www.adolphesax.be\/fr\/wp-json\/wp\/v2\/pages\/5133\/revisions\/5136"}],"wp:featuredmedia":[{"embeddable":true,"href":"https:\/\/www.adolphesax.be\/fr\/wp-json\/wp\/v2\/media\/3283"}],"wp:attachment":[{"href":"https:\/\/www.adolphesax.be\/fr\/wp-json\/wp\/v2\/media?parent=5133"}],"curies":[{"name":"wp","href":"https:\/\/api.w.org\/{rel}","templated":true}]}}