{"id":1307,"date":"2015-07-23T09:54:05","date_gmt":"2015-07-23T08:54:05","guid":{"rendered":"https:\/\/www.adolphesax.be\/home-2\/"},"modified":"2024-03-22T07:12:14","modified_gmt":"2024-03-22T06:12:14","slug":"home","status":"publish","type":"page","link":"https:\/\/www.adolphesax.be\/pt-br\/","title":{"rendered":"Home"},"content":{"rendered":"<div class=\"pixcode  pixcode--grid  grid  \">\n\n<div class=\"grid__item six-twelfths palm-one-whole island\">\n\n<hgroup class=\"pixcode  pixcode--heading article__headline\">\n\t<h2 class=\"headline__secondary\"><span class=\"first-letter\">U<\/span>ma rica<\/h2>\n\t<h1 class=\"headline__primary\">Hist\u00f3ria<\/h1>\n<\/hgroup>\n<p>Adolphe Sax \u00e9 o inventor do saxofone. Ele nasceu em 6 de novembro de 1814 em Dinant (B\u00e9lgica). At\u00e9 sua morte em 1894, sua vida foi marcada pela m\u00fasica. Em 2012, sua marca &#8220;Adolphe Sax &amp; Cie&#8221; foi revivida por Karel Goetghebeur em Bruges: &#8220;N\u00f3s fabricamos saxofones como foram concebidos pelo seu inventor: sempre em busca de inova\u00e7\u00e3o, um som maravilhoso e uma facilidade de tocar contempor\u00e2nea. Agora, Adolphe Sax conquista novamente cora\u00e7\u00f5es ao redor do mundo a partir da B\u00e9lgica.&#8221;<\/p>\n<p style=\"text-align: center;\"><a  class=\"pixcode  pixcode--btn  btn  btn--text\" href=\"https:\/\/www.adolphesax.be\/adolphe-sax\" >Sobre Adolphe Sax<\/a>\n\n<\/div>\n\n<div class=\"grid__item three-twelfths palm-one-whole \">\n\n<img loading=\"lazy\" decoding=\"async\" class=\"aligncenter size-large wp-image-1397\" src=\"https:\/\/www.adolphesax.be\/wp-content\/uploads\/2015\/07\/adolphe-sax-intro-682x1024.jpg\" alt=\"adolphe-sax-intro\" width=\"682\" height=\"1024\" srcset=\"https:\/\/www.adolphesax.be\/wp-content\/uploads\/2015\/07\/adolphe-sax-intro-682x1024.jpg 682w, https:\/\/www.adolphesax.be\/wp-content\/uploads\/2015\/07\/adolphe-sax-intro-300x450.jpg 300w, https:\/\/www.adolphesax.be\/wp-content\/uploads\/2015\/07\/adolphe-sax-intro-200x300.jpg 200w, https:\/\/www.adolphesax.be\/wp-content\/uploads\/2015\/07\/adolphe-sax-intro-400x600.jpg 400w, https:\/\/www.adolphesax.be\/wp-content\/uploads\/2015\/07\/adolphe-sax-intro.jpg 773w\" sizes=\"auto, (max-width: 682px) 100vw, 682px\" \/><br \/>\n\n<\/div>\n\n<div class=\"grid__item three-twelfths palm-one-whole \">\n\n<img loading=\"lazy\" decoding=\"async\" class=\"aligncenter size-large wp-image-45\" src=\"https:\/\/www.adolphesax.be\/wp-content\/uploads\/2015\/06\/EDM_5557-682x1024.jpg\" alt=\"EDM_5557\" width=\"682\" height=\"1024\" srcset=\"https:\/\/www.adolphesax.be\/wp-content\/uploads\/2015\/06\/EDM_5557-682x1024.jpg 682w, https:\/\/www.adolphesax.be\/wp-content\/uploads\/2015\/06\/EDM_5557-300x451.jpg 300w, https:\/\/www.adolphesax.be\/wp-content\/uploads\/2015\/06\/EDM_5557-200x300.jpg 200w\" sizes=\"auto, (max-width: 682px) 100vw, 682px\" \/><br \/>\n\n<\/div>\n\n\n<\/div>\n\n","protected":false},"excerpt":{"rendered":"","protected":false},"author":1,"featured_media":1183,"parent":0,"menu_order":1,"comment_status":"closed","ping_status":"closed","template":"","meta":{"footnotes":""},"class_list":["post-1307","page","type-page","status-publish","has-post-thumbnail","hentry"],"_links":{"self":[{"href":"https:\/\/www.adolphesax.be\/pt-br\/wp-json\/wp\/v2\/pages\/1307","targetHints":{"allow":["GET"]}}],"collection":[{"href":"https:\/\/www.adolphesax.be\/pt-br\/wp-json\/wp\/v2\/pages"}],"about":[{"href":"https:\/\/www.adolphesax.be\/pt-br\/wp-json\/wp\/v2\/types\/page"}],"author":[{"embeddable":true,"href":"https:\/\/www.adolphesax.be\/pt-br\/wp-json\/wp\/v2\/users\/1"}],"replies":[{"embeddable":true,"href":"https:\/\/www.adolphesax.be\/pt-br\/wp-json\/wp\/v2\/comments?post=1307"}],"version-history":[{"count":10,"href":"https:\/\/www.adolphesax.be\/pt-br\/wp-json\/wp\/v2\/pages\/1307\/revisions"}],"predecessor-version":[{"id":5171,"href":"https:\/\/www.adolphesax.be\/pt-br\/wp-json\/wp\/v2\/pages\/1307\/revisions\/5171"}],"wp:featuredmedia":[{"embeddable":true,"href":"https:\/\/www.adolphesax.be\/pt-br\/wp-json\/wp\/v2\/media\/1183"}],"wp:attachment":[{"href":"https:\/\/www.adolphesax.be\/pt-br\/wp-json\/wp\/v2\/media?parent=1307"}],"curies":[{"name":"wp","href":"https:\/\/api.w.org\/{rel}","templated":true}]}}