{"id":4822,"date":"2024-03-19T16:23:15","date_gmt":"2024-03-19T15:23:15","guid":{"rendered":"https:\/\/www.adolphesax.be\/?page_id=4822"},"modified":"2024-03-19T16:24:11","modified_gmt":"2024-03-19T15:24:11","slug":"aspirant-by-adolphe-sax-cie","status":"publish","type":"page","link":"https:\/\/www.adolphesax.be\/pt-br\/aspirant-by-adolphe-sax-cie\/","title":{"rendered":"Aspirant by Adolphe Sax &#038; Cie"},"content":{"rendered":"<p>Por um longo per\u00edodo, a Adolphe Sax &amp; Cie tem focado no segmento mais alto. Apesar da ampla oferta de saxofones de estudo de outras marcas, ainda havia uma demanda por uma alternativa melhor. Com o Aspirant da Adolphe Sax &amp; Cie, agora podemos atender a essa necessidade.<\/p>\n<p>Desde que alguns dos maiores players mudaram a produ\u00e7\u00e3o para pa\u00edses de baixos sal\u00e1rios, a qualidade de constru\u00e7\u00e3o desses instrumentos tem diminu\u00eddo significativamente nos \u00faltimos anos.<\/p>\n<p>O uso de ligas muito macias e almofadas de qualidade inferior causam muitos problemas. Parafusos quebram, almofadas precisam ser substitu\u00eddas rapidamente e, no final das contas, o saxofone, muitas vezes n\u00e3o t\u00e3o barato, se torna uma compra cara.<\/p>\n<p>Baseado em um dos saxofones mais vendidos do mundo, o Aspirant n\u00e3o \u00e9 apenas um saxofone de entrada comum. \u00c9 um saxofone de segmento m\u00e9dio pelo pre\u00e7o de um saxofone de estudo.<\/p>\n<p>Tamb\u00e9m em termos de apar\u00eancia, o Aspirant supera o saxofone m\u00e9dio. O acabamento escovado fosco \u00e9 revestido com um verniz claro, fino e protetor. As chaves foram niqueladas para tornar o conjunto mais resistente a manuseios bruscos, totalmente seguindo a tradi\u00e7\u00e3o dos saxofones vintage.<\/p>\n<p>O Aspirant vem com nosso mais novo estojo leve da Adolphe Sax &amp; Cie. <strong>Pre\u00e7o sugerido: 16505\u20ac, com pre\u00e7o de introdu\u00e7\u00e3o de 1250\u20ac.<\/strong><\/p>\n<p>NOVIDADE: ap\u00f3s muitos pedidos, agora tamb\u00e9m temos o saxofone tenor Aspirant!<br \/>\n<strong>Pre\u00e7o sugerido: 2435\u20ac, com pre\u00e7o de introdu\u00e7\u00e3o de 1841\u20ac.<\/strong><\/p>\n<p>Gostaria de testar o Aspirant sem compromisso em nossa loja em Bruges, ou prefere uma demonstra\u00e7\u00e3o em sua escola de m\u00fasica, harmonia ou fanfarra? Entre em contato conosco!<\/p>\n<p><img loading=\"lazy\" decoding=\"async\" class=\"wp-image-2424 alignleft\" src=\"https:\/\/www.adolphesax.be\/wp-content\/uploads\/2017\/09\/14311372_864476663689665_6227995480159017815_o-5-683x1024.jpg\" alt=\"\" width=\"473\" height=\"710\" srcset=\"https:\/\/www.adolphesax.be\/wp-content\/uploads\/2017\/09\/14311372_864476663689665_6227995480159017815_o-5-683x1024.jpg 683w, https:\/\/www.adolphesax.be\/wp-content\/uploads\/2017\/09\/14311372_864476663689665_6227995480159017815_o-5-300x450.jpg 300w, https:\/\/www.adolphesax.be\/wp-content\/uploads\/2017\/09\/14311372_864476663689665_6227995480159017815_o-5-200x300.jpg 200w, https:\/\/www.adolphesax.be\/wp-content\/uploads\/2017\/09\/14311372_864476663689665_6227995480159017815_o-5-768x1151.jpg 768w, https:\/\/www.adolphesax.be\/wp-content\/uploads\/2017\/09\/14311372_864476663689665_6227995480159017815_o-5-1200x1799.jpg 1200w, https:\/\/www.adolphesax.be\/wp-content\/uploads\/2017\/09\/14311372_864476663689665_6227995480159017815_o-5-900x1349.jpg 900w, https:\/\/www.adolphesax.be\/wp-content\/uploads\/2017\/09\/14311372_864476663689665_6227995480159017815_o-5-400x600.jpg 400w, https:\/\/www.adolphesax.be\/wp-content\/uploads\/2017\/09\/14311372_864476663689665_6227995480159017815_o-5.jpg 1366w\" sizes=\"auto, (max-width: 473px) 100vw, 473px\" \/><img loading=\"lazy\" decoding=\"async\" class=\"wp-image-2423 alignright\" src=\"https:\/\/www.adolphesax.be\/wp-content\/uploads\/2017\/09\/14290020_864476670356331_1736608137007089039_o-2-683x1024.jpg\" alt=\"\" width=\"474\" height=\"711\" srcset=\"https:\/\/www.adolphesax.be\/wp-content\/uploads\/2017\/09\/14290020_864476670356331_1736608137007089039_o-2-683x1024.jpg 683w, https:\/\/www.adolphesax.be\/wp-content\/uploads\/2017\/09\/14290020_864476670356331_1736608137007089039_o-2-300x450.jpg 300w, https:\/\/www.adolphesax.be\/wp-content\/uploads\/2017\/09\/14290020_864476670356331_1736608137007089039_o-2-200x300.jpg 200w, https:\/\/www.adolphesax.be\/wp-content\/uploads\/2017\/09\/14290020_864476670356331_1736608137007089039_o-2-768x1152.jpg 768w, https:\/\/www.adolphesax.be\/wp-content\/uploads\/2017\/09\/14290020_864476670356331_1736608137007089039_o-2-1200x1800.jpg 1200w, https:\/\/www.adolphesax.be\/wp-content\/uploads\/2017\/09\/14290020_864476670356331_1736608137007089039_o-2-900x1350.jpg 900w, https:\/\/www.adolphesax.be\/wp-content\/uploads\/2017\/09\/14290020_864476670356331_1736608137007089039_o-2-400x600.jpg 400w, https:\/\/www.adolphesax.be\/wp-content\/uploads\/2017\/09\/14290020_864476670356331_1736608137007089039_o-2.jpg 1365w\" sizes=\"auto, (max-width: 474px) 100vw, 474px\" \/><\/p>\n<p>&nbsp;<\/p>\n<p><a href=\"https:\/\/www.adolphesax.be\/wp-content\/uploads\/2018\/05\/30073111_10214982655016591_1425397954103022982_o.jpg\"><br \/>\n<\/a> <a href=\"https:\/\/www.adolphesax.be\/wp-content\/uploads\/2022\/08\/20220827_102227-1-scaled.jpg\"><img loading=\"lazy\" decoding=\"async\" class=\"aligncenter wp-image-4657\" src=\"https:\/\/www.adolphesax.be\/wp-content\/uploads\/2022\/08\/20220827_102227-1-scaled.jpg\" alt=\"Aspirant II tenor sax\" width=\"867\" height=\"1489\" srcset=\"https:\/\/www.adolphesax.be\/wp-content\/uploads\/2022\/08\/20220827_102227-1-scaled.jpg 1490w, https:\/\/www.adolphesax.be\/wp-content\/uploads\/2022\/08\/20220827_102227-1-175x300.jpg 175w, https:\/\/www.adolphesax.be\/wp-content\/uploads\/2022\/08\/20220827_102227-1-596x1024.jpg 596w, https:\/\/www.adolphesax.be\/wp-content\/uploads\/2022\/08\/20220827_102227-1-768x1320.jpg 768w, https:\/\/www.adolphesax.be\/wp-content\/uploads\/2022\/08\/20220827_102227-1-894x1536.jpg 894w, https:\/\/www.adolphesax.be\/wp-content\/uploads\/2022\/08\/20220827_102227-1-1192x2048.jpg 1192w, https:\/\/www.adolphesax.be\/wp-content\/uploads\/2022\/08\/20220827_102227-1-2048x3520.jpg 2048w, https:\/\/www.adolphesax.be\/wp-content\/uploads\/2022\/08\/20220827_102227-1-1200x2062.jpg 1200w, https:\/\/www.adolphesax.be\/wp-content\/uploads\/2022\/08\/20220827_102227-1-900x1547.jpg 900w, https:\/\/www.adolphesax.be\/wp-content\/uploads\/2022\/08\/20220827_102227-1-400x687.jpg 400w, https:\/\/www.adolphesax.be\/wp-content\/uploads\/2022\/08\/20220827_102227-1-300x516.jpg 300w\" sizes=\"auto, (max-width: 867px) 100vw, 867px\" \/><\/a><\/p>\n<p>&nbsp;<\/p>\n","protected":false},"excerpt":{"rendered":"<p>Por um longo per\u00edodo, a Adolphe Sax &amp; Cie tem focado no segmento mais alto. Apesar da ampla oferta de saxofones de estudo de outras marcas, ainda havia uma demanda por uma alternativa melhor. Com o Aspirant da Adolphe Sax &amp; Cie, agora podemos atender a essa necessidade. Desde que alguns dos maiores players mudaram..<\/p>\n","protected":false},"author":1,"featured_media":0,"parent":0,"menu_order":0,"comment_status":"closed","ping_status":"closed","template":"","meta":{"footnotes":""},"class_list":["post-4822","page","type-page","status-publish","hentry"],"_links":{"self":[{"href":"https:\/\/www.adolphesax.be\/pt-br\/wp-json\/wp\/v2\/pages\/4822","targetHints":{"allow":["GET"]}}],"collection":[{"href":"https:\/\/www.adolphesax.be\/pt-br\/wp-json\/wp\/v2\/pages"}],"about":[{"href":"https:\/\/www.adolphesax.be\/pt-br\/wp-json\/wp\/v2\/types\/page"}],"author":[{"embeddable":true,"href":"https:\/\/www.adolphesax.be\/pt-br\/wp-json\/wp\/v2\/users\/1"}],"replies":[{"embeddable":true,"href":"https:\/\/www.adolphesax.be\/pt-br\/wp-json\/wp\/v2\/comments?post=4822"}],"version-history":[{"count":2,"href":"https:\/\/www.adolphesax.be\/pt-br\/wp-json\/wp\/v2\/pages\/4822\/revisions"}],"predecessor-version":[{"id":4827,"href":"https:\/\/www.adolphesax.be\/pt-br\/wp-json\/wp\/v2\/pages\/4822\/revisions\/4827"}],"wp:attachment":[{"href":"https:\/\/www.adolphesax.be\/pt-br\/wp-json\/wp\/v2\/media?parent=4822"}],"curies":[{"name":"wp","href":"https:\/\/api.w.org\/{rel}","templated":true}]}}