{"id":5107,"date":"2024-03-21T12:25:36","date_gmt":"2024-03-21T11:25:36","guid":{"rendered":"https:\/\/www.adolphesax.be\/?page_id=5107"},"modified":"2025-06-08T11:41:47","modified_gmt":"2025-06-08T10:41:47","slug":"contacto","status":"publish","type":"page","link":"https:\/\/www.adolphesax.be\/pt-br\/contacto\/","title":{"rendered":"Contacto"},"content":{"rendered":"<div class=\"pixcode  pixcode--grid  grid  \">\n\n<div class=\"grid__item three-twelfths palm-one-whole \">\n\n<h3 class=\"flush--top\">Vendas e revis\u00f5es<\/h3>\n<p>Nosso escrit\u00f3rio atual e showroom da Adolphe Sax &amp; Cie est\u00e1 localizado em Bruges. De f\u00e1cil acesso.<\/p>\n<p>Voc\u00ea \u00e9 muito bem-vindo para conhecer e tocar nossa ampla variedade de saxofones Adolphe Sax &amp; Cie\u00ae. Estamos sempre dispon\u00edveis para fornecer explica\u00e7\u00f5es e orienta\u00e7\u00f5es. Tamb\u00e9m estamos \u00e0 disposi\u00e7\u00e3o para reparar ou revisar seu saxofone atual.<br \/>\n\n<\/div>\n\n<div class=\"grid__item three-twelfths palm-one-whole \">\n\n<p><a href=\"https:\/\/www.adolphesax.be\/wp-content\/uploads\/2015\/06\/EDM_5557.jpg\"><img loading=\"lazy\" decoding=\"async\" class=\"aligncenter size-large wp-image-45\" src=\"https:\/\/www.adolphesax.be\/wp-content\/uploads\/2015\/06\/EDM_5557-682x1024.jpg\" alt=\"EDM_5557\" width=\"682\" height=\"1024\" srcset=\"https:\/\/www.adolphesax.be\/wp-content\/uploads\/2015\/06\/EDM_5557-682x1024.jpg 682w, https:\/\/www.adolphesax.be\/wp-content\/uploads\/2015\/06\/EDM_5557-300x451.jpg 300w, https:\/\/www.adolphesax.be\/wp-content\/uploads\/2015\/06\/EDM_5557-200x300.jpg 200w\" sizes=\"auto, (max-width: 682px) 100vw, 682px\" \/><\/a><\/p>\n\n<\/div>\n\n<div class=\"grid__item three-twelfths palm-one-whole \">\n\n<h3>Endere\u00e7o<\/h3>\n<p><span style=\"color: #000000;\"><strong>KRAKELEWEG 2, 8000 BRUGES<\/strong><\/span><\/p>\n<p><strong>Estacionamento gratuito. Basta entrar. Se estiver cheio: estacione do outro lado na Dovy cozinhas<\/strong><\/p>\n<h3>Hor\u00e1rio de funcionamento<\/h3>\n<p>Segunda e Quarta-feira<br \/>\n14:00-18:00<br \/>\nS\u00e1bado 13:30-17:30<br \/>\n<strong>Segunda de manh\u00e3, Ter\u00e7a-feira, quarta-feira de manh\u00e3, quinta e sexta-feira apenas com agendamento pr\u00e9vio.<\/strong><\/p>\n<p>Fechado aos domingos e feriados.<\/p>\n<p><span style=\"color: #ff0000;\"><strong>VOC\u00ca PODE AGENDAR SUAS PR\u00d3PRIAS CONSULTAS ATRAV\u00c9S <a href=\"https:\/\/adolphesax.odoo.com\/book\/meet\">DESTE LINK<\/a><\/strong> <\/span><\/p>\n<p><span style=\"color: #000080;\"><strong>*Quer testar saxofones? \u00c9 perfeitamente poss\u00edvel.<br \/>\nCriamos um esterilizador de saxofone e, portanto, esterilizamos todos os instrumentos e bocais ap\u00f3s o uso.<\/strong><\/span><\/p>\n\n<\/div>\n\n<div class=\"grid__item three-twelfths palm-one-whole \">\n\n<h3>Contato<\/h3>\n<p>BE +32 497 55 55 85<\/p>\n<p><a href=\"https:\/\/www.adolphesax.be\/pt-br\/contacto\/#perguntas\">Formul\u00e1rio de Contato<\/a><\/p>\n<h3>Redes Sociais<\/h3>\n<a class=\"pixcode-icon-link\"  href=\"https:\/\/www.facebook.com\/AdolpheSaxCie\"  target=\"_blank\" \"><i class=\"pixcode  pixcode--icon  icon-e-facebook-squared  circle  big  \"><\/i><\/a>\n<a class=\"pixcode-icon-link\"  href=\"http:\/\/twitter.com\/adolphesax_be\"  target=\"_blank\" \"><i class=\"pixcode  pixcode--icon  icon-e-twitter-circled  circle  big  \"><\/i><\/a>\n<a class=\"pixcode-icon-link\"  href=\"http:\/\/www.youtube.com\/user\/adolphesaxetcie\"  target=\"_blank\" \"><i class=\"pixcode  pixcode--icon  icon-e-video  circle  big  \"><\/i><\/a>\n\n<\/div>\n\n\n<\/div>\n\n","protected":false},"excerpt":{"rendered":"","protected":false},"author":1,"featured_media":0,"parent":0,"menu_order":5,"comment_status":"closed","ping_status":"open","template":"","meta":{"footnotes":""},"class_list":["post-5107","page","type-page","status-publish","hentry"],"_links":{"self":[{"href":"https:\/\/www.adolphesax.be\/pt-br\/wp-json\/wp\/v2\/pages\/5107","targetHints":{"allow":["GET"]}}],"collection":[{"href":"https:\/\/www.adolphesax.be\/pt-br\/wp-json\/wp\/v2\/pages"}],"about":[{"href":"https:\/\/www.adolphesax.be\/pt-br\/wp-json\/wp\/v2\/types\/page"}],"author":[{"embeddable":true,"href":"https:\/\/www.adolphesax.be\/pt-br\/wp-json\/wp\/v2\/users\/1"}],"replies":[{"embeddable":true,"href":"https:\/\/www.adolphesax.be\/pt-br\/wp-json\/wp\/v2\/comments?post=5107"}],"version-history":[{"count":3,"href":"https:\/\/www.adolphesax.be\/pt-br\/wp-json\/wp\/v2\/pages\/5107\/revisions"}],"predecessor-version":[{"id":8579,"href":"https:\/\/www.adolphesax.be\/pt-br\/wp-json\/wp\/v2\/pages\/5107\/revisions\/8579"}],"wp:attachment":[{"href":"https:\/\/www.adolphesax.be\/pt-br\/wp-json\/wp\/v2\/media?parent=5107"}],"curies":[{"name":"wp","href":"https:\/\/api.w.org\/{rel}","templated":true}]}}