{"id":5140,"date":"2024-03-21T20:58:03","date_gmt":"2024-03-21T19:58:03","guid":{"rendered":"https:\/\/www.adolphesax.be\/?page_id=5140"},"modified":"2024-03-21T20:58:03","modified_gmt":"2024-03-21T19:58:03","slug":"saxofones","status":"publish","type":"page","link":"https:\/\/www.adolphesax.be\/pt-br\/saxofones\/","title":{"rendered":"Saxofones"},"content":{"rendered":"<div class=\"pixcode  pixcode--grid  grid  \">\n\n<div class=\"grid__item six-twelfths palm-one-whole \">\n\n<p>Com um saxofone &#8220;Adolphe Sax &#038; Cie&#8221;, o &#8220;vintage&#8221; n\u00e3o se limita ao acabamento. Vamos al\u00e9m: baseamo-nos em antigos perfis de perfura\u00e7\u00e3o e combinamos isso com equipamentos modernos. Dessa forma, conseguimos o charme de um saxofone &#8220;vintage&#8221;, com a facilidade de tocar de um saxofone moderno.<\/p>\n<p><iframe loading=\"lazy\" title=\"Adolphe Sax &amp; Cie unlacquered alto saxophone\" width=\"960\" height=\"540\" src=\"https:\/\/www.youtube.com\/embed\/3xyrshIAoK0?feature=oembed\" frameborder=\"0\" allow=\"accelerometer; autoplay; clipboard-write; encrypted-media; gyroscope; picture-in-picture; web-share\" allowfullscreen><\/iframe><\/p>\n\n<\/div>\n\n<div class=\"grid__item six-twelfths palm-one-whole \">\n\n<p>Ao conversar com um saxofonista profissional, voc\u00ea aprender\u00e1 que a cor do instrumento pouco importa para eles: eles querem principalmente um bom som.<\/p>\n<p>Ao conversar com um t\u00e9cnico de saxofones, voc\u00ea ouvir\u00e1 que a facilidade de manuten\u00e7\u00e3o e a durabilidade desempenham um papel importante.<\/p>\n<p>Na &#8220;Adolphe Sax &#038; Cie&#8221;, estamos atentos a essas necessidades e optamos por oferecer saxofones no mercado sem adere\u00e7os desnecess\u00e1rios. Utilizamos materiais dur\u00e1veis e dedicamos muita aten\u00e7\u00e3o aos acabamentos e ajustes com nossa experiente equipe de t\u00e9cnicos em saxofone.<\/p>\n<p>Realizamos pesquisas ativas sobre inova\u00e7\u00e3o, mas esperamos que elas demonstrem seu valor suficientemente antes de aplic\u00e1-las na produ\u00e7\u00e3o de nossos saxofones. Afinal, voc\u00eas n\u00e3o s\u00e3o cobaias.<\/p>\n<p>Nossa linha de saxofones inclui os modelos: <a href=\"https:\/\/www.adolphesax.be\/saxofoons\/dinant\/\">Dinant<\/a> | <a href=\"https:\/\/www.adolphesax.be\/saxofoons\/brussels\/\">Brussels<\/a> | <a href=\"https:\/\/www.adolphesax.be\/saxofoons\/paris\/\">Paris<\/a> | <a href=\"https:\/\/www.adolphesax.be\/saxofoons\/bruges\/\">Bruges<\/a>\u00a0&amp;\u00a0<a href=\"https:\/\/www.adolphesax.be\/saxofoons\/custom\/\">Custom<\/a> Adolphe Sax &#038; Cie\u00ae.<br \/>\n\n<\/div>\n\n\n<\/div>\n\n","protected":false},"excerpt":{"rendered":"","protected":false},"author":1,"featured_media":3286,"parent":0,"menu_order":3,"comment_status":"closed","ping_status":"open","template":"","meta":{"footnotes":""},"class_list":["post-5140","page","type-page","status-publish","has-post-thumbnail","hentry"],"_links":{"self":[{"href":"https:\/\/www.adolphesax.be\/pt-br\/wp-json\/wp\/v2\/pages\/5140","targetHints":{"allow":["GET"]}}],"collection":[{"href":"https:\/\/www.adolphesax.be\/pt-br\/wp-json\/wp\/v2\/pages"}],"about":[{"href":"https:\/\/www.adolphesax.be\/pt-br\/wp-json\/wp\/v2\/types\/page"}],"author":[{"embeddable":true,"href":"https:\/\/www.adolphesax.be\/pt-br\/wp-json\/wp\/v2\/users\/1"}],"replies":[{"embeddable":true,"href":"https:\/\/www.adolphesax.be\/pt-br\/wp-json\/wp\/v2\/comments?post=5140"}],"version-history":[{"count":1,"href":"https:\/\/www.adolphesax.be\/pt-br\/wp-json\/wp\/v2\/pages\/5140\/revisions"}],"predecessor-version":[{"id":5142,"href":"https:\/\/www.adolphesax.be\/pt-br\/wp-json\/wp\/v2\/pages\/5140\/revisions\/5142"}],"wp:featuredmedia":[{"embeddable":true,"href":"https:\/\/www.adolphesax.be\/pt-br\/wp-json\/wp\/v2\/media\/3286"}],"wp:attachment":[{"href":"https:\/\/www.adolphesax.be\/pt-br\/wp-json\/wp\/v2\/media?parent=5140"}],"curies":[{"name":"wp","href":"https:\/\/api.w.org\/{rel}","templated":true}]}}